{"id":1259,"date":"2023-01-27T14:49:45","date_gmt":"2023-01-27T13:49:45","guid":{"rendered":"https:\/\/pomerania.org.pl\/?page_id=1259"},"modified":"2023-01-30T10:37:18","modified_gmt":"2023-01-30T09:37:18","slug":"nasze-uslugi","status":"publish","type":"page","link":"https:\/\/pomerania.org.pl\/?page_id=1259","title":{"rendered":"Nasze us\u0142ugi"},"content":{"rendered":"\n<p>Dzi\u0119ki istnieniu sieci Centr\u00f3w Us\u0142ugowo-Doradczych (SBC\/CUD) zapewnia si\u0119 zainteresowanym podmiotom szerokie, szybkie i kompleksowe wsparcie na ca\u0142ym obszarze, r\u00f3wnie\u017c ponad granicami.<\/p>\n\n\n\n<p><strong>Informowanie<\/strong><strong><\/strong><\/p>\n\n\n\n<ul class=\"wp-block-list\">\n<li>Indywidualne wyszukiwanie informacji<\/li>\n\n\n\n<li>Polsko-Niemiecka Baza Danych Przedsi\u0119biorstw<\/li>\n<\/ul>\n\n\n\n<p><\/p>\n\n\n\n<p><strong>Doradztwo i\u00a0po\u015brednictwo<\/strong><\/p>\n\n\n\n<ul class=\"wp-block-list\">\n<li>Kontakty gospodarcze<\/li>\n\n\n\n<li>Pozyskiwanie rynku w&nbsp;krajach s\u0105siada<\/li>\n\n\n\n<li>Uczestnictwo w&nbsp;targach<\/li>\n<\/ul>\n\n\n\n<p><\/p>\n\n\n\n<p><strong>Organizacja<\/strong><\/p>\n\n\n\n<ul class=\"wp-block-list\">\n<li>Polsko-Niemieckie Fora Przedsi\u0119biorc\u00f3w<\/li>\n\n\n\n<li>Gie\u0142dy kooperacyjne<\/li>\n\n\n\n<li>Zwiedzanie targ\u00f3w i&nbsp;przedsi\u0119biorstw<\/li>\n\n\n\n<li>Seminaria i&nbsp;warsztaty<\/li>\n<\/ul>\n","protected":false},"excerpt":{"rendered":"<p>Dzi\u0119ki istnieniu sieci Centr\u00f3w Us\u0142ugowo-Doradczych (SBC\/CUD) zapewnia si\u0119 zainteresowanym podmiotom szerokie, szybkie i kompleksowe wsparcie na ca\u0142ym obszarze, r\u00f3wnie\u017c ponad granicami. Informowanie Doradztwo i\u00a0po\u015brednictwo Organizacja<\/p>\n","protected":false},"author":1,"featured_media":0,"parent":0,"menu_order":0,"comment_status":"closed","ping_status":"closed","template":"","meta":{"footnotes":""},"class_list":["post-1259","page","type-page","status-publish","hentry"],"post_mailing_queue_ids":[],"_links":{"self":[{"href":"https:\/\/pomerania.org.pl\/index.php?rest_route=\/wp\/v2\/pages\/1259","targetHints":{"allow":["GET"]}}],"collection":[{"href":"https:\/\/pomerania.org.pl\/index.php?rest_route=\/wp\/v2\/pages"}],"about":[{"href":"https:\/\/pomerania.org.pl\/index.php?rest_route=\/wp\/v2\/types\/page"}],"author":[{"embeddable":true,"href":"https:\/\/pomerania.org.pl\/index.php?rest_route=\/wp\/v2\/users\/1"}],"replies":[{"embeddable":true,"href":"https:\/\/pomerania.org.pl\/index.php?rest_route=%2Fwp%2Fv2%2Fcomments&post=1259"}],"version-history":[{"count":2,"href":"https:\/\/pomerania.org.pl\/index.php?rest_route=\/wp\/v2\/pages\/1259\/revisions"}],"predecessor-version":[{"id":1273,"href":"https:\/\/pomerania.org.pl\/index.php?rest_route=\/wp\/v2\/pages\/1259\/revisions\/1273"}],"wp:attachment":[{"href":"https:\/\/pomerania.org.pl\/index.php?rest_route=%2Fwp%2Fv2%2Fmedia&parent=1259"}],"curies":[{"name":"wp","href":"https:\/\/api.w.org\/{rel}","templated":true}]}}