{"id":2015,"date":"2023-02-08T15:07:45","date_gmt":"2023-02-08T14:07:45","guid":{"rendered":"https:\/\/pomerania.org.pl\/?page_id=2015"},"modified":"2023-02-10T13:04:44","modified_gmt":"2023-02-10T12:04:44","slug":"vorstand","status":"publish","type":"page","link":"https:\/\/pomerania.org.pl\/?page_id=2015&lang=de","title":{"rendered":"Vorstand"},"content":{"rendered":"\t\t<div data-elementor-type=\"wp-page\" data-elementor-id=\"2015\" class=\"elementor elementor-2015\">\n\t\t\t\t\t\t\t\t\t<section class=\"elementor-section elementor-top-section elementor-element elementor-element-0605fa4 elementor-section-boxed elementor-section-height-default elementor-section-height-default\" data-id=\"0605fa4\" data-element_type=\"section\">\n\t\t\t\t\t\t<div class=\"elementor-container elementor-column-gap-default\">\n\t\t\t\t\t<div class=\"elementor-column elementor-col-100 elementor-top-column elementor-element elementor-element-078f55b\" data-id=\"078f55b\" data-element_type=\"column\">\n\t\t\t<div class=\"elementor-widget-wrap elementor-element-populated\">\n\t\t\t\t\t\t\t\t<div class=\"elementor-element elementor-element-778b16e elementor-widget elementor-widget-text-editor\" data-id=\"778b16e\" data-element_type=\"widget\" data-widget_type=\"text-editor.default\">\n\t\t\t\t<div class=\"elementor-widget-container\">\n\t\t\t<style>\/*! elementor - v3.11.2 - 22-02-2023 *\/\n.elementor-widget-text-editor.elementor-drop-cap-view-stacked .elementor-drop-cap{background-color:#818a91;color:#fff}.elementor-widget-text-editor.elementor-drop-cap-view-framed .elementor-drop-cap{color:#818a91;border:3px solid;background-color:transparent}.elementor-widget-text-editor:not(.elementor-drop-cap-view-default) .elementor-drop-cap{margin-top:8px}.elementor-widget-text-editor:not(.elementor-drop-cap-view-default) .elementor-drop-cap-letter{width:1em;height:1em}.elementor-widget-text-editor .elementor-drop-cap{float:left;text-align:center;line-height:1;font-size:50px}.elementor-widget-text-editor .elementor-drop-cap-letter{display:inline-block}<\/style>\t\t\t\t<p><strong>Der Vorstand des Vereins der Polnischen Gemeinden der Euroregion Pomerania, gew\u00e4hlt von der XXIII. Delegiertenversammlung des SGPEP am 17. April 2019<\/strong><\/p><p>\u00a0<\/p><p>Amtszeit 2019-2024<\/p><p>Pr\u00e4sident des Vereins<\/p><p>Krzysztof Soska &#8211; Stettin<\/p><p>\u00a0<\/p><p>Vizepr\u00e4sident des Vereins<\/p><p>Tomasz Czuczak &#8211; Sekret\u00e4r der Stadt Koszalin<\/p><p>\u00a0<\/p><p>Schatzmeister des Vereins<\/p><p>Piotr Pawlik &#8211; B\u00fcrgermeister von Miroslawiec<\/p><p>\u00a0<\/p><p>Mitglieder:<\/p><p>Bazyli Baran &#8211; Stadtrat der Stadt Szczecin<\/p><p>Miros\u0142aw Kluk &#8211; B\u00fcrgermeister von Pe\u0142czyce<\/p><p>Anna Mieczkowska &#8211; B\u00fcrgermeisterin von Ko\u0142obrzeg<\/p><p>Grzegorz Kulbicki &#8211; B\u00fcrgermeister von D\u0119bno<\/p><p>Bogdan Wankiewicz \u2013 Landrat des Landkreises Walcz<\/p><p>Janusz \u017bmurkiewicz &#8211; B\u00fcrgermeister von \u015awinouj\u015bcie<\/p>\t\t\t\t\t\t<\/div>\n\t\t\t\t<\/div>\n\t\t\t\t\t<\/div>\n\t\t<\/div>\n\t\t\t\t\t\t\t<\/div>\n\t\t<\/section>\n\t\t\t\t\t\t\t<\/div>\n\t\t","protected":false},"excerpt":{"rendered":"<p>Der Vorstand des Vereins der Polnischen Gemeinden der Euroregion Pomerania, gew\u00e4hlt von der XXIII. Delegiertenversammlung des SGPEP am 17. April 2019 \u00a0 Amtszeit 2019-2024 Pr\u00e4sident des Vereins Krzysztof Soska &#8211; Stettin \u00a0 Vizepr\u00e4sident des Vereins Tomasz Czuczak &#8211; Sekret\u00e4r der Stadt Koszalin \u00a0 Schatzmeister des Vereins Piotr Pawlik &#8211; B\u00fcrgermeister von Miroslawiec \u00a0 Mitglieder: Bazyli [&hellip;]<\/p>\n","protected":false},"author":1,"featured_media":0,"parent":0,"menu_order":0,"comment_status":"closed","ping_status":"closed","template":"","meta":{"footnotes":""},"class_list":["post-2015","page","type-page","status-publish","hentry"],"post_mailing_queue_ids":[],"_links":{"self":[{"href":"https:\/\/pomerania.org.pl\/index.php?rest_route=\/wp\/v2\/pages\/2015","targetHints":{"allow":["GET"]}}],"collection":[{"href":"https:\/\/pomerania.org.pl\/index.php?rest_route=\/wp\/v2\/pages"}],"about":[{"href":"https:\/\/pomerania.org.pl\/index.php?rest_route=\/wp\/v2\/types\/page"}],"author":[{"embeddable":true,"href":"https:\/\/pomerania.org.pl\/index.php?rest_route=\/wp\/v2\/users\/1"}],"replies":[{"embeddable":true,"href":"https:\/\/pomerania.org.pl\/index.php?rest_route=%2Fwp%2Fv2%2Fcomments&post=2015"}],"version-history":[{"count":7,"href":"https:\/\/pomerania.org.pl\/index.php?rest_route=\/wp\/v2\/pages\/2015\/revisions"}],"predecessor-version":[{"id":2058,"href":"https:\/\/pomerania.org.pl\/index.php?rest_route=\/wp\/v2\/pages\/2015\/revisions\/2058"}],"wp:attachment":[{"href":"https:\/\/pomerania.org.pl\/index.php?rest_route=%2Fwp%2Fv2%2Fmedia&parent=2015"}],"curies":[{"name":"wp","href":"https:\/\/api.w.org\/{rel}","templated":true}]}}