{"id":2037,"date":"2023-02-10T12:37:58","date_gmt":"2023-02-10T11:37:58","guid":{"rendered":"https:\/\/pomerania.org.pl\/?page_id=2037"},"modified":"2023-02-10T12:52:41","modified_gmt":"2023-02-10T11:52:41","slug":"elementor-2037","status":"publish","type":"page","link":"https:\/\/pomerania.org.pl\/?page_id=2037&lang=de","title":{"rendered":"Verein"},"content":{"rendered":"\t\t<div data-elementor-type=\"wp-page\" data-elementor-id=\"2037\" class=\"elementor elementor-2037\">\n\t\t\t\t\t\t\t\t\t<section class=\"elementor-section elementor-top-section elementor-element elementor-element-12b4602 elementor-section-boxed elementor-section-height-default elementor-section-height-default\" data-id=\"12b4602\" data-element_type=\"section\">\n\t\t\t\t\t\t<div class=\"elementor-container elementor-column-gap-custom\">\n\t\t\t\t\t<div class=\"elementor-column elementor-col-100 elementor-top-column elementor-element elementor-element-dd5b5df\" data-id=\"dd5b5df\" data-element_type=\"column\">\n\t\t\t<div class=\"elementor-widget-wrap elementor-element-populated\">\n\t\t\t\t\t\t\t\t<section class=\"elementor-section elementor-inner-section elementor-element elementor-element-b24a941 elementor-section-boxed elementor-section-height-default elementor-section-height-default\" data-id=\"b24a941\" data-element_type=\"section\">\n\t\t\t\t\t\t<div class=\"elementor-container elementor-column-gap-default\">\n\t\t\t\t\t<div class=\"elementor-column elementor-col-50 elementor-inner-column elementor-element elementor-element-bfc366d\" data-id=\"bfc366d\" data-element_type=\"column\">\n\t\t\t<div class=\"elementor-widget-wrap elementor-element-populated\">\n\t\t\t\t\t\t\t\t<div class=\"elementor-element elementor-element-69b0583 elementor-invisible elementor-widget elementor-widget-text-editor\" data-id=\"69b0583\" data-element_type=\"widget\" data-settings=\"{&quot;_animation&quot;:&quot;fadeIn&quot;}\" data-widget_type=\"text-editor.default\">\n\t\t\t\t<div class=\"elementor-widget-container\">\n\t\t\t<style>\/*! elementor - v3.11.2 - 22-02-2023 *\/\n.elementor-widget-text-editor.elementor-drop-cap-view-stacked .elementor-drop-cap{background-color:#818a91;color:#fff}.elementor-widget-text-editor.elementor-drop-cap-view-framed .elementor-drop-cap{color:#818a91;border:3px solid;background-color:transparent}.elementor-widget-text-editor:not(.elementor-drop-cap-view-default) .elementor-drop-cap{margin-top:8px}.elementor-widget-text-editor:not(.elementor-drop-cap-view-default) .elementor-drop-cap-letter{width:1em;height:1em}.elementor-widget-text-editor .elementor-drop-cap{float:left;text-align:center;line-height:1;font-size:50px}.elementor-widget-text-editor .elementor-drop-cap-letter{display:inline-block}<\/style>\t\t\t\t<p>Der Verein der Polnischen Gemeinden der Euroregion Pomerania (SGPEP) ist eine Institution, die Aktivit\u00e4ten zur Integration lokaler Gemeinden in die grenz\u00fcberschreitende Zusammenarbeit durchf\u00fchrt.<\/p>\n<p>Das Hauptziel der Vereinigung ist es, lokale Regierungen und gemeinn\u00fctzige Einrichtungen bei der Entwicklung von Kooperationen zu unterst\u00fctzen und bei der Beschaffung von europ\u00e4ischen und nationalen Mitteln behilflich zu sein. Seit mehr als 20 Jahren ist die Vereinigung an der Verwaltung von EU- und nationalen F\u00f6rdermitteln beteiligt, die einen erheblichen Einfluss auf die Entwicklung der lokalen Gemeinden und der Grenzregion insgesamt haben. Zusammen mit der deutschen Seite, der Kommunalgemeinschaft Europaregion POMERANIA e.V., bilden wir die Euroregion Pomerania. Fast 100 Gemeinden und Landkreise in der Woiwodschaft Westpommern sind Mitglieder der SGPEP.<\/p>\n<p>Die Urspr\u00fcnge des Vereins gehen auf das Jahr 1992 zur\u00fcck, als der damalige Woiwode von Szczecin, Marek Ta\u0142asiewicz, den Konsuln von D\u00e4nemark, Schweden und der Bundesrepublik Deutschland das Konzept der Euroregion Pomerania vorstellte, in dem ein kommunaler Zweckverband auf polnischer Seite eine Schl\u00fcsselrolle spielen sollte.<\/p>\n<p>Am 7. Mai 1993 hat die Versammlung der lokalen Selbstverwaltung der Woiwodschaft Szczecin die Satzung des Kommunalen Zweckverbands der westpommerschen Gemeinden &#8222;Pommern&#8221; (KZC GPZ &#8222;Pommern&#8221;) ausgearbeitet und mit dem B\u00fcro des Ministerrats und der Woiwodschaft Szczecin abgestimmt.<\/p>\n<p>Am 29. August fand im Rittersaal des Woiwodschaftsamtes in Szczecin (Stettin) der Gr\u00fcndungskongress des Kommunalen Zweckverbands Westpommern &#8222;Pomerania&#8221; statt. An der Tagung nahmen 21 Vertreter von 13 Gemeinden aus der Woiwodschaft Szczecin teil: Chociwel, Chojna, Dobra Nowogardzka, Goleni\u00f3w, I\u0144sk, Nowogard, Osina, Police, Resko, Stargard Szczeci\u0144ski, die Gemeinde Stargard Szczeci\u0144ski, Trzcinek-Zdr\u00f3j und D\u0119bno.<\/p>\t\t\t\t\t\t<\/div>\n\t\t\t\t<\/div>\n\t\t\t\t\t<\/div>\n\t\t<\/div>\n\t\t\t\t<div class=\"elementor-column elementor-col-50 elementor-inner-column elementor-element elementor-element-2f6eaed\" data-id=\"2f6eaed\" data-element_type=\"column\">\n\t\t\t<div class=\"elementor-widget-wrap elementor-element-populated\">\n\t\t\t\t\t\t\t\t<div class=\"elementor-element elementor-element-1ac125c elementor-invisible elementor-widget elementor-widget-image\" data-id=\"1ac125c\" data-element_type=\"widget\" data-settings=\"{&quot;_animation&quot;:&quot;fadeInRight&quot;}\" data-widget_type=\"image.default\">\n\t\t\t\t<div class=\"elementor-widget-container\">\n\t\t\t<style>\/*! elementor - v3.11.2 - 22-02-2023 *\/\n.elementor-widget-image{text-align:center}.elementor-widget-image a{display:inline-block}.elementor-widget-image a img[src$=\".svg\"]{width:48px}.elementor-widget-image img{vertical-align:middle;display:inline-block}<\/style>\t\t\t\t\t\t\t\t\t\t\t\t<img loading=\"lazy\" decoding=\"async\" width=\"800\" height=\"870\" src=\"https:\/\/pomerania.org.pl\/wp-content\/uploads\/2023\/01\/intereg6-mapa-1.jpg\" class=\"attachment-large size-large wp-image-987\" alt=\"mapa wojew\u00f3dztwa zachodniopomorskiego\" srcset=\"https:\/\/pomerania.org.pl\/wp-content\/uploads\/2023\/01\/intereg6-mapa-1.jpg 1171w, https:\/\/pomerania.org.pl\/wp-content\/uploads\/2023\/01\/intereg6-mapa-1-276x300.jpg 276w, https:\/\/pomerania.org.pl\/wp-content\/uploads\/2023\/01\/intereg6-mapa-1-768x835.jpg 768w\" sizes=\"auto, (max-width: 800px) 100vw, 800px\" \/>\t\t\t\t\t\t\t\t\t\t\t\t\t\t\t<\/div>\n\t\t\t\t<\/div>\n\t\t\t\t\t<\/div>\n\t\t<\/div>\n\t\t\t\t\t\t\t<\/div>\n\t\t<\/section>\n\t\t\t\t<section class=\"elementor-section elementor-inner-section elementor-element elementor-element-48cd019 elementor-section-boxed elementor-section-height-default elementor-section-height-default\" data-id=\"48cd019\" data-element_type=\"section\">\n\t\t\t\t\t\t<div class=\"elementor-container elementor-column-gap-default\">\n\t\t\t\t\t<div class=\"elementor-column elementor-col-50 elementor-inner-column elementor-element elementor-element-f84c12c\" data-id=\"f84c12c\" data-element_type=\"column\">\n\t\t\t<div class=\"elementor-widget-wrap elementor-element-populated\">\n\t\t\t\t\t\t\t\t<div class=\"elementor-element elementor-element-0f4dab0 elementor-invisible elementor-widget elementor-widget-image\" data-id=\"0f4dab0\" data-element_type=\"widget\" data-settings=\"{&quot;_animation&quot;:&quot;fadeInLeft&quot;}\" data-widget_type=\"image.default\">\n\t\t\t\t<div class=\"elementor-widget-container\">\n\t\t\t\t\t\t\t\t\t\t\t\t\t\t\t<img loading=\"lazy\" decoding=\"async\" width=\"768\" height=\"576\" src=\"https:\/\/pomerania.org.pl\/wp-content\/uploads\/2023\/01\/IMG_3457-768x576.jpg\" class=\"attachment-medium_large size-medium_large wp-image-1462\" alt=\"stoisko FMP\" srcset=\"https:\/\/pomerania.org.pl\/wp-content\/uploads\/2023\/01\/IMG_3457-768x576.jpg 768w, https:\/\/pomerania.org.pl\/wp-content\/uploads\/2023\/01\/IMG_3457-300x225.jpg 300w, https:\/\/pomerania.org.pl\/wp-content\/uploads\/2023\/01\/IMG_3457-1536x1152.jpg 1536w, https:\/\/pomerania.org.pl\/wp-content\/uploads\/2023\/01\/IMG_3457-2048x1536.jpg 2048w\" sizes=\"auto, (max-width: 768px) 100vw, 768px\" \/>\t\t\t\t\t\t\t\t\t\t\t\t\t\t\t<\/div>\n\t\t\t\t<\/div>\n\t\t\t\t\t<\/div>\n\t\t<\/div>\n\t\t\t\t<div class=\"elementor-column elementor-col-50 elementor-inner-column elementor-element elementor-element-a47b199\" data-id=\"a47b199\" data-element_type=\"column\">\n\t\t\t<div class=\"elementor-widget-wrap elementor-element-populated\">\n\t\t\t\t\t\t\t\t<div class=\"elementor-element elementor-element-bbd185d elementor-invisible elementor-widget elementor-widget-text-editor\" data-id=\"bbd185d\" data-element_type=\"widget\" data-settings=\"{&quot;_animation&quot;:&quot;fadeIn&quot;}\" data-widget_type=\"text-editor.default\">\n\t\t\t\t<div class=\"elementor-widget-container\">\n\t\t\t\t\t\t\t<p>W\u00e4hrend des Kongresses verabschiedeten die Delegierten einstimmig die Satzung des KZC GPZ &#8222;Pomerania&#8221; und w\u00e4hlten die ersten Verantwortlichen. Die Mitglieder des Vorstands des KZC GPZ &#8222;Pomerania&#8221; waren: Miros\u0142aw Chylicki aus Goleni\u00f3w, Ryszard Wasi\u0142ek aus Stargard Szczeci\u0144ski, Cezary Arciszewski aus Police und Krzysztof Krauze aus Nowogard. Ryszard Wasi\u0142ek, stellvertretender B\u00fcrgermeister von Stargard Szczeci\u0144ski, wurde zum Vorsitzenden des Verbands gew\u00e4hlt.<\/p>\n<p>Dar\u00fcber hinaus wurden die wichtigsten Ziele und Aufgaben f\u00fcr die kommenden Jahre vereinbart: die Anbahnung der Zusammenarbeit mit der \u00a0Kommunalgemeinschaft Europaregion e.V. POMERANIA und dem schwedischen Gemeindeverband in Sk\u00e5ne und dem Gemeindeverband auf der Insel Bornholm, die Durchf\u00fchrung einer Seminarreihe zu den Themen Jugendkooperation, Tourismus und Strategie, Ma\u00dfnahmen zur F\u00f6rderung der Entwicklung Westpommerns sowie die Erarbeitung und Beratung bei der Beantragung von Mitteln aus den F\u00f6rderprogrammen der EWG, des Phare-Programms und der Stiftung f\u00fcr Deutsch-Polnische Zusammenarbeit.<\/p>\n<p>In den folgenden Jahren engagierte sich KZC GPZ &#8222;Pomerania&#8221; stark f\u00fcr die Information der lokalen Bev\u00f6lkerung \u00fcber die Idee der europ\u00e4ischen Integration, brachte ihnen Themen im Zusammenhang mit der Europ\u00e4ischen Union n\u00e4her, organisierte Wettbewerbe f\u00fcr europ\u00e4ische Schulkreise und koordinierte die grenz\u00fcberschreitende Zusammenarbeit in der Region.<\/p>\t\t\t\t\t\t<\/div>\n\t\t\t\t<\/div>\n\t\t\t\t\t<\/div>\n\t\t<\/div>\n\t\t\t\t\t\t\t<\/div>\n\t\t<\/section>\n\t\t\t\t\t<\/div>\n\t\t<\/div>\n\t\t\t\t\t\t\t<\/div>\n\t\t<\/section>\n\t\t\t\t<section class=\"elementor-section elementor-top-section elementor-element elementor-element-89645f1 elementor-section-boxed elementor-section-height-default elementor-section-height-default\" data-id=\"89645f1\" data-element_type=\"section\">\n\t\t\t\t\t\t<div class=\"elementor-container elementor-column-gap-default\">\n\t\t\t\t\t<div class=\"elementor-column elementor-col-100 elementor-top-column elementor-element elementor-element-a3820e0\" data-id=\"a3820e0\" data-element_type=\"column\">\n\t\t\t<div class=\"elementor-widget-wrap elementor-element-populated\">\n\t\t\t\t\t\t\t\t<section class=\"elementor-section elementor-inner-section elementor-element elementor-element-6228078 elementor-section-boxed elementor-section-height-default elementor-section-height-default\" data-id=\"6228078\" data-element_type=\"section\">\n\t\t\t\t\t\t<div class=\"elementor-container elementor-column-gap-default\">\n\t\t\t\t\t<div class=\"elementor-column elementor-col-50 elementor-inner-column elementor-element elementor-element-6ea4e01\" data-id=\"6ea4e01\" data-element_type=\"column\">\n\t\t\t<div class=\"elementor-widget-wrap elementor-element-populated\">\n\t\t\t\t\t\t\t\t<div class=\"elementor-element elementor-element-5bdaa44 elementor-invisible elementor-widget elementor-widget-text-editor\" data-id=\"5bdaa44\" data-element_type=\"widget\" data-settings=\"{&quot;_animation&quot;:&quot;fadeIn&quot;}\" data-widget_type=\"text-editor.default\">\n\t\t\t\t<div class=\"elementor-widget-container\">\n\t\t\t\t\t\t\t<p>Am 14. Oktober 1993 wurde der Kommunale Zweckverband der Westpommerschen Gemeinden &#8222;Pomerania&#8221; in das Register der kommunalen Zusammenschl\u00fcsse des Ministerrats unter der Nummer 100 eingetragen.<\/p>\n<p>Am 11. Februar 1994 wurde der Kooperationsvertrag zwischen dem Kommunalen Zweckverband der Westpommerschen Gemeinden\u00a0 Pomerania und der Kommunalgemeinschaft Europaregion POMERANIA in den R\u00e4umen der Gemeindeversammlung der Woiwodschaft Szczecin unterzeichnet. Dieses Schl\u00fcsseldokument f\u00fcr die Gr\u00fcndung der k\u00fcnftigen Euroregion Pomerania wurde von Rainer H\u00e4drich, dem \u00a0Pr\u00e4sidenten des Vereins, und Peter Heise, dem Gesch\u00e4ftsf\u00fchrer des Vereins, auf deutscher Seite und Ryszard Wasi\u0142ek, Vorsitzender des Zweckverbands, auf polnischer Seite unterzeichnet.<\/p>\n<p>In den folgenden Monaten wurden die wichtigsten Ziele und Aufgaben der neuen Struktur festgelegt. Im Jahr 1995 wurde auf Initiative des Verbands das bis heute aktive Forum der Polnischen Grenzregionen als Vereinbarung zwischen polnischen Verb\u00e4nden und kommunalen Vereinigungen zur Entwicklung der grenz\u00fcberschreitenden Zusammenarbeit an allen polnischen Grenzen gegr\u00fcndet.<\/p>\n<p>Am 14. Juli haben der Rat der Stadt Szczecin, der Kommunalzweckverband der Westpommerschen Gemeinden &#8222;Pomerania&#8221; und der Kommunalgemeinschaft Europaregion POMERANIA eine Absichtserkl\u00e4rung zur Gr\u00fcndung der Euroregion Pomerania angenommen.<\/p>\n<p>Am 15. Dezember 1995 wurde im Schloss der Pommerschen Herz\u00f6ge in Szczecin das deutsch-polnische &#8222;Abkommen \u00fcber die Errichtung der Euroregion Pomerania&#8221; unterzeichnet.<\/p>\n<p>Im Jahr 1996 wurde innerhalb des Kommunalzwekverbands der Westpommerschen Gemeinden &#8222;Pommern&#8221; auch eine Zweigstelle des Deutsch-Polnischen Jugendwerks eingerichtet, die als zentrale Stelle die Zusammenarbeit im schulischen und au\u00dferschulischen Austausch in Vorpommern koordiniert. Die ersten Zusch\u00fcsse aus dem Phare-CBC-Hilfsprogramm (Fonds f\u00fcr kleine Projekte &#8211; SPF) sind angelaufen. Damals war der Verein f\u00fcr die Sammlung von Antr\u00e4gen f\u00fcr kleine und mittelgro\u00dfe Projekte (bis zu 5.000 Euro) sowie f\u00fcr deren Bewertung und Abrechnung zust\u00e4ndig.<\/p>\t\t\t\t\t\t<\/div>\n\t\t\t\t<\/div>\n\t\t\t\t\t<\/div>\n\t\t<\/div>\n\t\t\t\t<div class=\"elementor-column elementor-col-50 elementor-inner-column elementor-element elementor-element-89ffc72\" data-id=\"89ffc72\" data-element_type=\"column\">\n\t\t\t<div class=\"elementor-widget-wrap elementor-element-populated\">\n\t\t\t\t\t\t\t\t<div class=\"elementor-element elementor-element-413bdca elementor-invisible elementor-widget elementor-widget-image\" data-id=\"413bdca\" data-element_type=\"widget\" data-settings=\"{&quot;_animation&quot;:&quot;fadeInRight&quot;}\" data-widget_type=\"image.default\">\n\t\t\t\t<div class=\"elementor-widget-container\">\n\t\t\t\t\t\t\t\t\t\t\t\t\t\t\t<img loading=\"lazy\" decoding=\"async\" width=\"712\" height=\"744\" src=\"https:\/\/pomerania.org.pl\/wp-content\/uploads\/2023\/02\/IMGP4964-Kopie-e1675338795401.jpg\" class=\"attachment-medium_large size-medium_large wp-image-1915\" alt=\"gie\u0142da partnerstw\" srcset=\"https:\/\/pomerania.org.pl\/wp-content\/uploads\/2023\/02\/IMGP4964-Kopie-e1675338795401.jpg 712w, https:\/\/pomerania.org.pl\/wp-content\/uploads\/2023\/02\/IMGP4964-Kopie-e1675338795401-287x300.jpg 287w\" sizes=\"auto, (max-width: 712px) 100vw, 712px\" \/>\t\t\t\t\t\t\t\t\t\t\t\t\t\t\t<\/div>\n\t\t\t\t<\/div>\n\t\t\t\t\t<\/div>\n\t\t<\/div>\n\t\t\t\t\t\t\t<\/div>\n\t\t<\/section>\n\t\t\t\t\t<\/div>\n\t\t<\/div>\n\t\t\t\t\t\t\t<\/div>\n\t\t<\/section>\n\t\t\t\t<section class=\"elementor-section elementor-top-section elementor-element elementor-element-1e6cb5d elementor-section-boxed elementor-section-height-default elementor-section-height-default\" data-id=\"1e6cb5d\" data-element_type=\"section\">\n\t\t\t\t\t\t<div class=\"elementor-container elementor-column-gap-default\">\n\t\t\t\t\t<div class=\"elementor-column elementor-col-100 elementor-top-column elementor-element elementor-element-bc126b7\" data-id=\"bc126b7\" data-element_type=\"column\">\n\t\t\t<div class=\"elementor-widget-wrap elementor-element-populated\">\n\t\t\t\t\t\t\t\t<section class=\"elementor-section elementor-inner-section elementor-element elementor-element-6d440d9 elementor-section-boxed elementor-section-height-default elementor-section-height-default\" data-id=\"6d440d9\" data-element_type=\"section\">\n\t\t\t\t\t\t<div class=\"elementor-container elementor-column-gap-default\">\n\t\t\t\t\t<div class=\"elementor-column elementor-col-50 elementor-inner-column elementor-element elementor-element-2391d6a\" data-id=\"2391d6a\" data-element_type=\"column\">\n\t\t\t<div class=\"elementor-widget-wrap elementor-element-populated\">\n\t\t\t\t\t\t\t\t<div class=\"elementor-element elementor-element-f5dea5f elementor-invisible elementor-widget elementor-widget-image\" data-id=\"f5dea5f\" data-element_type=\"widget\" data-settings=\"{&quot;_animation&quot;:&quot;fadeInLeft&quot;}\" data-widget_type=\"image.default\">\n\t\t\t\t<div class=\"elementor-widget-container\">\n\t\t\t\t\t\t\t\t\t\t\t\t\t\t\t<img loading=\"lazy\" decoding=\"async\" width=\"800\" height=\"578\" src=\"https:\/\/pomerania.org.pl\/wp-content\/uploads\/2023\/01\/DSC6180-1.jpg\" class=\"attachment-large size-large wp-image-1474\" alt=\"Walne on-line\" srcset=\"https:\/\/pomerania.org.pl\/wp-content\/uploads\/2023\/01\/DSC6180-1.jpg 1024w, https:\/\/pomerania.org.pl\/wp-content\/uploads\/2023\/01\/DSC6180-1-300x217.jpg 300w, https:\/\/pomerania.org.pl\/wp-content\/uploads\/2023\/01\/DSC6180-1-768x555.jpg 768w\" sizes=\"auto, (max-width: 800px) 100vw, 800px\" \/>\t\t\t\t\t\t\t\t\t\t\t\t\t\t\t<\/div>\n\t\t\t\t<\/div>\n\t\t\t\t\t<\/div>\n\t\t<\/div>\n\t\t\t\t<div class=\"elementor-column elementor-col-50 elementor-inner-column elementor-element elementor-element-0a72da6\" data-id=\"0a72da6\" data-element_type=\"column\">\n\t\t\t<div class=\"elementor-widget-wrap elementor-element-populated\">\n\t\t\t\t\t\t\t\t<div class=\"elementor-element elementor-element-f2c1fb2 elementor-invisible elementor-widget elementor-widget-text-editor\" data-id=\"f2c1fb2\" data-element_type=\"widget\" data-settings=\"{&quot;_animation&quot;:&quot;fadeIn&quot;}\" data-widget_type=\"text-editor.default\">\n\t\t\t\t<div class=\"elementor-widget-container\">\n\t\t\t\t\t\t\t<p>1996 fanden in L\u00f6cknitz die ersten Deutsch-Polnischen Jugendfestivale statt, an denen 1.500 Sch\u00fcler aus Polen und Deutschland teilnahmen.<\/p>\n<p>In den folgenden Jahren kamen weitere Gemeinden und Kreise zur Euroregion Pomerania hinzu. Am 26. Februar 1998 schloss sich der schwedische Verband der Gemeinden von Sk\u00e5ne der Euroregion Pomerania an. Ab dem Jahr 2000 begannen die Arbeiten zur Umwandlung des Kommunalzweckverbands in einen Verein.<\/p>\n<p>Am 29. M\u00e4rz 2001 wurde der Verein der Polnischen Gemeinden der Euroregion Pomerania (SGPEP) vom Bezirksgericht in Szczecin eingetragen.<\/p>\n<p>Trotz der organisatorischen Ver\u00e4nderungen haben sich die Ziele des Vereins nicht ge\u00e4ndert. Bis heute ist SGPEP aktiv an der Umsetzung von Projekten beteiligt, die sowohl von der EU als auch von den Mitgliedstaaten finanziell unterst\u00fctzt werden. Er f\u00fchrt auch eigene Projekte durch und unterst\u00fctzt zahlreiche Initiativen in der Region.<\/p>\n<p>Seit 2006 hat der Verein zahlreiche Projekte mit Millionenbudgets betreut: Interreg IIIA, Interreg IVA und Interreg VA Fonds f\u00fcr Kleinprojekte. Sie hat Tausende von &#8222;kleinen&#8221; Projekten mit Zusch\u00fcssen in H\u00f6he von fast 15 Millionen Euro unterst\u00fctzt. Die n\u00e4chste EU-Perspektive von Interreg VI A liegt vor uns.<\/p>\n<p>Die Zentralstelle des Deutsch-Polnischen Jugendwerks ist von Jahr zu Jahr st\u00e4rker geworden. Sie ist heute eine der gr\u00f6\u00dften in Polen und verf\u00fcgt auch \u00fcber eines der gr\u00f6\u00dften Budgets. Seit 1996 haben junge Menschen aus der Region Zusch\u00fcsse in H\u00f6he von mehr als 25 Millionen PLN erhalten.<\/p>\n<p style=\"text-align: justify;\"><!-- wp:paragraph --><!-- \/wp:paragraph --><!-- wp:paragraph --><!-- \/wp:paragraph --><!-- wp:paragraph --><!-- \/wp:paragraph --><!-- wp:paragraph --><!-- \/wp:paragraph --><!-- wp:paragraph --><!-- \/wp:paragraph --><!-- wp:paragraph --><!-- \/wp:paragraph --><!-- wp:paragraph --><!-- \/wp:paragraph --><!-- wp:paragraph --><!-- \/wp:paragraph --><!-- wp:paragraph --><!-- \/wp:paragraph --><!-- wp:paragraph --><!-- \/wp:paragraph --><!-- wp:paragraph --><!-- \/wp:paragraph --><!-- wp:paragraph --><!-- \/wp:paragraph --><!-- wp:paragraph --><!-- \/wp:paragraph --><!-- wp:paragraph --><!-- \/wp:paragraph --><!-- wp:paragraph --><!-- \/wp:paragraph --><!-- wp:paragraph --><!-- \/wp:paragraph --><!-- wp:paragraph --><!-- \/wp:paragraph --><!-- wp:paragraph --><!-- \/wp:paragraph --><!-- wp:paragraph --><!-- \/wp:paragraph --><!-- wp:paragraph --><!-- \/wp:paragraph --><!-- wp:paragraph --><!-- \/wp:paragraph --><\/p>\n<p>Seit 2023 betreibt der Verein auch ein Service- und Beratungcentrum sowie eine Kontakt- und Beratungsstelle f\u00fcr die deutsch-polnische B\u00fcrger Euroregion Pomerania.<\/p>\t\t\t\t\t\t<\/div>\n\t\t\t\t<\/div>\n\t\t\t\t\t<\/div>\n\t\t<\/div>\n\t\t\t\t\t\t\t<\/div>\n\t\t<\/section>\n\t\t\t\t\t<\/div>\n\t\t<\/div>\n\t\t\t\t\t\t\t<\/div>\n\t\t<\/section>\n\t\t\t\t\t\t\t<\/div>\n\t\t","protected":false},"excerpt":{"rendered":"<p>Der Verein der Polnischen Gemeinden der Euroregion Pomerania (SGPEP) ist eine Institution, die Aktivit\u00e4ten zur Integration lokaler Gemeinden in die grenz\u00fcberschreitende Zusammenarbeit durchf\u00fchrt. Das Hauptziel der Vereinigung ist es, lokale Regierungen und gemeinn\u00fctzige Einrichtungen bei der Entwicklung von Kooperationen zu unterst\u00fctzen und bei der Beschaffung von europ\u00e4ischen und nationalen Mitteln behilflich zu sein. Seit mehr [&hellip;]<\/p>\n","protected":false},"author":1,"featured_media":0,"parent":0,"menu_order":0,"comment_status":"closed","ping_status":"closed","template":"","meta":{"footnotes":""},"class_list":["post-2037","page","type-page","status-publish","hentry"],"post_mailing_queue_ids":[],"_links":{"self":[{"href":"https:\/\/pomerania.org.pl\/index.php?rest_route=\/wp\/v2\/pages\/2037","targetHints":{"allow":["GET"]}}],"collection":[{"href":"https:\/\/pomerania.org.pl\/index.php?rest_route=\/wp\/v2\/pages"}],"about":[{"href":"https:\/\/pomerania.org.pl\/index.php?rest_route=\/wp\/v2\/types\/page"}],"author":[{"embeddable":true,"href":"https:\/\/pomerania.org.pl\/index.php?rest_route=\/wp\/v2\/users\/1"}],"replies":[{"embeddable":true,"href":"https:\/\/pomerania.org.pl\/index.php?rest_route=%2Fwp%2Fv2%2Fcomments&post=2037"}],"version-history":[{"count":14,"href":"https:\/\/pomerania.org.pl\/index.php?rest_route=\/wp\/v2\/pages\/2037\/revisions"}],"predecessor-version":[{"id":2052,"href":"https:\/\/pomerania.org.pl\/index.php?rest_route=\/wp\/v2\/pages\/2037\/revisions\/2052"}],"wp:attachment":[{"href":"https:\/\/pomerania.org.pl\/index.php?rest_route=%2Fwp%2Fv2%2Fmedia&parent=2037"}],"curies":[{"name":"wp","href":"https:\/\/api.w.org\/{rel}","templated":true}]}}