{"id":475,"date":"2023-01-18T11:14:15","date_gmt":"2023-01-18T10:14:15","guid":{"rendered":"https:\/\/pomerania.org.pl\/?page_id=475"},"modified":"2023-02-20T09:41:39","modified_gmt":"2023-02-20T08:41:39","slug":"historia","status":"publish","type":"page","link":"https:\/\/pomerania.org.pl\/?page_id=475","title":{"rendered":"Historia Euroregionu"},"content":{"rendered":"\t\t<div data-elementor-type=\"wp-page\" data-elementor-id=\"475\" class=\"elementor elementor-475\">\n\t\t\t\t\t\t\t\t\t<section class=\"elementor-section elementor-top-section elementor-element elementor-element-7f2650a elementor-section-boxed elementor-section-height-default elementor-section-height-default\" data-id=\"7f2650a\" data-element_type=\"section\">\n\t\t\t\t\t\t<div class=\"elementor-container elementor-column-gap-default\">\n\t\t\t\t\t<div class=\"elementor-column elementor-col-100 elementor-top-column elementor-element elementor-element-f7b84b6\" data-id=\"f7b84b6\" data-element_type=\"column\">\n\t\t\t<div class=\"elementor-widget-wrap elementor-element-populated\">\n\t\t\t\t\t\t\t\t<section class=\"elementor-section elementor-inner-section elementor-element elementor-element-011b5f1 elementor-section-boxed elementor-section-height-default elementor-section-height-default\" data-id=\"011b5f1\" data-element_type=\"section\">\n\t\t\t\t\t\t<div class=\"elementor-container elementor-column-gap-default\">\n\t\t\t\t\t<div class=\"elementor-column elementor-col-50 elementor-inner-column elementor-element elementor-element-ef5faf2\" data-id=\"ef5faf2\" data-element_type=\"column\">\n\t\t\t<div class=\"elementor-widget-wrap elementor-element-populated\">\n\t\t\t\t\t\t\t\t<div class=\"elementor-element elementor-element-3faee5f elementor-widget elementor-widget-text-editor\" data-id=\"3faee5f\" data-element_type=\"widget\" data-widget_type=\"text-editor.default\">\n\t\t\t\t<div class=\"elementor-widget-container\">\n\t\t\t<style>\/*! elementor - v3.11.2 - 22-02-2023 *\/\n.elementor-widget-text-editor.elementor-drop-cap-view-stacked .elementor-drop-cap{background-color:#818a91;color:#fff}.elementor-widget-text-editor.elementor-drop-cap-view-framed .elementor-drop-cap{color:#818a91;border:3px solid;background-color:transparent}.elementor-widget-text-editor:not(.elementor-drop-cap-view-default) .elementor-drop-cap{margin-top:8px}.elementor-widget-text-editor:not(.elementor-drop-cap-view-default) .elementor-drop-cap-letter{width:1em;height:1em}.elementor-widget-text-editor .elementor-drop-cap{float:left;text-align:center;line-height:1;font-size:50px}.elementor-widget-text-editor .elementor-drop-cap-letter{display:inline-block}<\/style>\t\t\t\t<p style=\"text-align: justify\"><br><\/p><p style=\"text-align: justify\"><br><\/p><p style=\"text-align: justify\"><br><\/p><p style=\"text-align: justify\">W 1958 roku na pograniczu holendersko-niemieckim utworzono pierwsze transgraniczne porozumienie.<br>\nNadano mu nazw\u0119 \u201eEuroregio\u201d. Od tego roku notuje si\u0119 histori\u0119 funkcjonowania euroregion\u00f3w wzd\u0142u\u017c wszystkich europejskich granic.<\/p>\n<p><em><\/em><\/p><em>\n<\/em><p style=\"text-align: justify\"><em>Euroregion&nbsp;to wydzielona jednostka na obszarze minimum dw\u00f3ch pa\u0144stw, oparta na formie wsp\u00f3\u0142pracy transgranicznej pomi\u0119dzy&nbsp;<\/em><a href=\"http:\/\/pl.wikipedia.org\/wiki\/Region_%28geografia%29\"><em>regionami<\/em><\/a><em>&nbsp;pa\u0144stw cz\u0142onkowskich&nbsp;<\/em><a href=\"http:\/\/pl.wikipedia.org\/wiki\/Unia_Europejska\"><em>Unii Europejskiej<\/em><\/a><em>, pa\u0144stw kandyduj\u0105cych lub regionami ich s\u0105siad\u00f3w. W tworzeniu euroregionu uczestnicz\u0105 przedstawiciele lokalnych i regionalnych w\u0142adz samorz\u0105dowych.<\/em><\/p>\n<p style=\"text-align: justify\">Istot\u0105 pomys\u0142u na wsp\u00f3\u0142prac\u0119 euroregionaln\u0105 by\u0142o i jest przezwyci\u0119\u017canie uprzedze\u0144 i nier\u00f3wno\u015bci, ale tak\u017ce tworzenie wsp\u00f3lnych transgranicznych przedsi\u0119wzi\u0119\u0107.<\/p>\t\t\t\t\t\t<\/div>\n\t\t\t\t<\/div>\n\t\t\t\t\t<\/div>\n\t\t<\/div>\n\t\t\t\t<div class=\"elementor-column elementor-col-50 elementor-inner-column elementor-element elementor-element-ce6d484\" data-id=\"ce6d484\" data-element_type=\"column\">\n\t\t\t<div class=\"elementor-widget-wrap elementor-element-populated\">\n\t\t\t\t\t\t\t\t<div class=\"elementor-element elementor-element-66eb2a8 elementor-invisible elementor-widget elementor-widget-image\" data-id=\"66eb2a8\" data-element_type=\"widget\" data-settings=\"{&quot;_animation&quot;:&quot;fadeInRight&quot;}\" data-widget_type=\"image.default\">\n\t\t\t\t<div class=\"elementor-widget-container\">\n\t\t\t<style>\/*! elementor - v3.11.2 - 22-02-2023 *\/\n.elementor-widget-image{text-align:center}.elementor-widget-image a{display:inline-block}.elementor-widget-image a img[src$=\".svg\"]{width:48px}.elementor-widget-image img{vertical-align:middle;display:inline-block}<\/style>\t\t\t\t\t\t\t\t\t\t\t\t<img loading=\"lazy\" decoding=\"async\" width=\"768\" height=\"629\" src=\"https:\/\/pomerania.org.pl\/wp-content\/uploads\/2023\/02\/Euroregion-Pomerania-A5-768x629.png\" class=\"attachment-medium_large size-medium_large wp-image-1955\" alt=\"mapa Euroregionu Pomerania\" srcset=\"https:\/\/pomerania.org.pl\/wp-content\/uploads\/2023\/02\/Euroregion-Pomerania-A5-768x629.png 768w, https:\/\/pomerania.org.pl\/wp-content\/uploads\/2023\/02\/Euroregion-Pomerania-A5-300x246.png 300w, https:\/\/pomerania.org.pl\/wp-content\/uploads\/2023\/02\/Euroregion-Pomerania-A5.png 1024w\" sizes=\"auto, (max-width: 768px) 100vw, 768px\" \/>\t\t\t\t\t\t\t\t\t\t\t\t\t\t\t<\/div>\n\t\t\t\t<\/div>\n\t\t\t\t\t<\/div>\n\t\t<\/div>\n\t\t\t\t\t\t\t<\/div>\n\t\t<\/section>\n\t\t\t\t\t<\/div>\n\t\t<\/div>\n\t\t\t\t\t\t\t<\/div>\n\t\t<\/section>\n\t\t\t\t<section class=\"elementor-section elementor-top-section elementor-element elementor-element-2015fc7 elementor-section-boxed elementor-section-height-default elementor-section-height-default\" data-id=\"2015fc7\" data-element_type=\"section\">\n\t\t\t\t\t\t<div class=\"elementor-container elementor-column-gap-default\">\n\t\t\t\t\t<div class=\"elementor-column elementor-col-100 elementor-top-column elementor-element elementor-element-7467bed\" data-id=\"7467bed\" data-element_type=\"column\">\n\t\t\t<div class=\"elementor-widget-wrap elementor-element-populated\">\n\t\t\t\t\t\t\t\t<section class=\"elementor-section elementor-inner-section elementor-element elementor-element-b42c510 elementor-section-boxed elementor-section-height-default elementor-section-height-default\" data-id=\"b42c510\" data-element_type=\"section\">\n\t\t\t\t\t\t<div class=\"elementor-container elementor-column-gap-default\">\n\t\t\t\t\t<div class=\"elementor-column elementor-col-50 elementor-inner-column elementor-element elementor-element-52d34b1\" data-id=\"52d34b1\" data-element_type=\"column\">\n\t\t\t<div class=\"elementor-widget-wrap elementor-element-populated\">\n\t\t\t\t\t\t\t\t<div class=\"elementor-element elementor-element-4fa0e3c elementor-invisible elementor-widget elementor-widget-image\" data-id=\"4fa0e3c\" data-element_type=\"widget\" data-settings=\"{&quot;_animation&quot;:&quot;fadeInLeft&quot;}\" data-widget_type=\"image.default\">\n\t\t\t\t<div class=\"elementor-widget-container\">\n\t\t\t\t\t\t\t\t\t\t\t\t\t\t\t\t<a href=\"https:\/\/pomerania.org.pl\/pomer\/wp-content\/uploads\/2023\/01\/Umowa-euroregionalna-1.pdf\">\n\t\t\t\t\t\t\t<img loading=\"lazy\" decoding=\"async\" width=\"800\" height=\"784\" src=\"https:\/\/pomerania.org.pl\/wp-content\/uploads\/2023\/01\/umowa-e1675075208368.jpg\" class=\"attachment-large size-large wp-image-1371\" alt=\"strona tytu\u0142owa Umowy Euroregionalnej\" srcset=\"https:\/\/pomerania.org.pl\/wp-content\/uploads\/2023\/01\/umowa-e1675075208368.jpg 894w, https:\/\/pomerania.org.pl\/wp-content\/uploads\/2023\/01\/umowa-e1675075208368-300x294.jpg 300w, https:\/\/pomerania.org.pl\/wp-content\/uploads\/2023\/01\/umowa-e1675075208368-768x753.jpg 768w\" sizes=\"auto, (max-width: 800px) 100vw, 800px\" \/>\t\t\t\t\t\t\t\t<\/a>\n\t\t\t\t\t\t\t\t\t\t\t\t\t\t\t<\/div>\n\t\t\t\t<\/div>\n\t\t\t\t\t<\/div>\n\t\t<\/div>\n\t\t\t\t<div class=\"elementor-column elementor-col-50 elementor-inner-column elementor-element elementor-element-a08d4bd\" data-id=\"a08d4bd\" data-element_type=\"column\">\n\t\t\t<div class=\"elementor-widget-wrap elementor-element-populated\">\n\t\t\t\t\t\t\t\t<div class=\"elementor-element elementor-element-c34e66a elementor-widget elementor-widget-text-editor\" data-id=\"c34e66a\" data-element_type=\"widget\" data-widget_type=\"text-editor.default\">\n\t\t\t\t<div class=\"elementor-widget-container\">\n\t\t\t\t\t\t\t<p style=\"text-align: justify;\">15 grudnia 1995 roku w Sali Bogus\u0142awa na Zamku Ksi\u0105\u017c\u0105t Pomorskich w Szczecinie prezydent niemieckiego Zwi\u0105zku Komunalnego Europaregion POMERANIA e.V.\u00a0 Reiner Haedrich, prezes Komunalnego Zwi\u0105zku Celowego Gmin Pomorza Zachodniego \u201ePomerania\u201d, Zbigniew Zychowicz i prezydent Szczecina, Bart\u0142omiej Socha\u0144ski, podpisali umow\u0119 o utworzeniu Euroregionu Pomerania, kt\u00f3rej celem sta\u0142o si\u0119 dzia\u0142anie na rzecz zr\u00f3wnowa\u017conego rozwoju regionu oraz zbli\u017cenie mieszka\u0144c\u00f3w po obu stronach granicy. Na dwa tygodnie przed powstaniem euroregionu, w tym samym miejscu odby\u0142 si\u0119 zjazd Europejskich Region\u00f3w Granicznych (SERG). Uchwalono wtedy najwa\u017cniejszy dokument programowy \u201eEuropejsk\u0105 Kart\u0119 Region\u00f3w Granicznych\u201d. 26 lutego 1998 roku w Lund Euroregion Pomerania poszerzy\u0142 si\u0119 o Zwi\u0105zek Gmin Skanii. 7 pa\u017adziernika 2004 &#8211; zgodnie z decyzj\u0105 trzech prezydent\u00f3w euroregionu (polskiego, niemieckiego i szwedzkiego) Sekretariat Euroregionu Pomerania znalaz\u0142 si\u0119 w strukturach Stowarzyszenia Gmin Polskich Euroregionu Pomerania.<\/p><p style=\"text-align: justify;\">4 marca 2013 roku podczas posiedzenia Prezydium Euroregionu Pomerania w Malm\u00f6 Prezydent szwedzkiej cz\u0119\u015bci euroregionu poinformowa\u0142 o podj\u0119tej przez Zwi\u0105zek Gmin Skanii decyzji o wyst\u0105pieniu z Euroregionu Pomerania.<\/p>\t\t\t\t\t\t<\/div>\n\t\t\t\t<\/div>\n\t\t\t\t\t<\/div>\n\t\t<\/div>\n\t\t\t\t\t\t\t<\/div>\n\t\t<\/section>\n\t\t\t\t\t<\/div>\n\t\t<\/div>\n\t\t\t\t\t\t\t<\/div>\n\t\t<\/section>\n\t\t\t\t<section class=\"elementor-section elementor-top-section elementor-element elementor-element-62c5082 elementor-section-boxed elementor-section-height-default elementor-section-height-default\" data-id=\"62c5082\" data-element_type=\"section\">\n\t\t\t\t\t\t<div class=\"elementor-container elementor-column-gap-default\">\n\t\t\t\t\t<div class=\"elementor-column elementor-col-100 elementor-top-column elementor-element elementor-element-087f363\" data-id=\"087f363\" data-element_type=\"column\">\n\t\t\t<div class=\"elementor-widget-wrap elementor-element-populated\">\n\t\t\t\t\t\t\t\t<section class=\"elementor-section elementor-inner-section elementor-element elementor-element-7780050 elementor-section-boxed elementor-section-height-default elementor-section-height-default\" data-id=\"7780050\" data-element_type=\"section\">\n\t\t\t\t\t\t<div class=\"elementor-container elementor-column-gap-default\">\n\t\t\t\t\t<div class=\"elementor-column elementor-col-50 elementor-inner-column elementor-element elementor-element-f588ccf\" data-id=\"f588ccf\" data-element_type=\"column\">\n\t\t\t<div class=\"elementor-widget-wrap elementor-element-populated\">\n\t\t\t\t\t\t\t\t<div class=\"elementor-element elementor-element-b6e37f0 elementor-widget elementor-widget-text-editor\" data-id=\"b6e37f0\" data-element_type=\"widget\" data-widget_type=\"text-editor.default\">\n\t\t\t\t<div class=\"elementor-widget-container\">\n\t\t\t\t\t\t\t<p style=\"text-align: justify;\">Na granicach Polski istnieje 16 euroregion\u00f3w w tym:<\/p><ul><li><p style=\"text-align: justify;\">4 na granicy zachodniej: polsko-niemieckie euroregiony: <strong>Euroregion<\/strong>\u00a0<strong>Pomerania, <a href=\"https:\/\/www.euroregion-viadrina.pl\/\">Pro Europa Viadrina<\/a>, <a href=\"http:\/\/euroregion-snb.pl\/\">Sprewa-Nysa-B\u00f3br<\/a><\/strong>\u00a0oraz po\u0142o\u017cony na styku pogranicza zachodniego i po\u0142udniowego polsko-czesko-niemiecki\u00a0<a href=\"http:\/\/www.euroregion-nysa.eu\/\"><strong>Euroregion Nysa<\/strong><\/a>.<\/p><\/li><li><p style=\"text-align: justify;\">7 na granicy po\u0142udniowej: polsko-czeskie euroregiony: <strong><a href=\"http:\/\/euroregion-glacensis.ng.pl\/\">Glacensis<\/a>, <a href=\"https:\/\/europradziad.pl\/\">Pradziad<\/a>, <a href=\"http:\/\/www.olza.pl\/pl\/o-nas\/euroregion-slask-cieszynski\/\">\u015al\u0105sk Cieszy\u0144ski<\/a> i <a href=\"https:\/\/www.euroregion-silesia.pl\/\">Silesia<\/a><\/strong>, polsko-czesko-s\u0142owacki\u00a0<a href=\"http:\/\/www.euroregion-beskidy.pl\/\"><strong>Euroregion Beskidy<\/strong><\/a>, polsko-s\u0142owacki\u00a0<a href=\"http:\/\/www.euroregion-tatry.pl\/\"><strong>Euroregion Tatry<\/strong><\/a>\u00a0oraz po\u0142o\u017cony na styku pogranicza wschodniego i po\u0142udniowego polsko-s\u0142owacko-ukrai\u0144sko-rumu\u0144sko-w\u0119gierski\u00a0<a href=\"https:\/\/www.karpacki.pl\/\"><strong>Euroregion Karpacki<\/strong><\/a>.<\/p><\/li><li><p style=\"text-align: justify;\">3 na granicy wschodniej: polsko-ukrai\u0144sko-bia\u0142oruski\u00a0<a href=\"http:\/\/euroregionbug.pl\/\"><strong>Euroregion Bug<\/strong><\/a>, polsko-bia\u0142oruski\u00a0<a href=\"http:\/\/www.euroregion-pb.pl\/wordpress\/\" class=\"broken_link\"><strong>Euroregion Puszcza Bia\u0142owieska<\/strong><\/a>\u00a0i po\u0142o\u017cony cz\u0119\u015bciowo tak\u017ce na pograniczu p\u00f3\u0142nocnym polsko-bia\u0142orusko-litewski\u00a0<a href=\"https:\/\/niemen.org.pl\/\"><strong>Euroregion Niemen<\/strong><\/a>.<\/p><\/li><\/ul><p style=\"text-align: justify;\">13 lutego 2012 roku w Kancelarii Prezydenta RP w Warszawie przedstawiciele w\u0142adz euroregion\u00f3w podpisali List intencyjny, dotycz\u0105cy powo\u0142ania Federacji Euroregion\u00f3w Rzeczypospolitej Polskiej. Siedzib\u0105 Federacji jest Euroregion <strong>Sprewa-Nysa-B\u00f3br. <\/strong><\/p>\t\t\t\t\t\t<\/div>\n\t\t\t\t<\/div>\n\t\t\t\t\t<\/div>\n\t\t<\/div>\n\t\t\t\t<div class=\"elementor-column elementor-col-50 elementor-inner-column elementor-element elementor-element-37cbca7\" data-id=\"37cbca7\" data-element_type=\"column\">\n\t\t\t<div class=\"elementor-widget-wrap elementor-element-populated\">\n\t\t\t\t\t\t\t\t<div class=\"elementor-element elementor-element-6c2418c elementor-invisible elementor-widget elementor-widget-image\" data-id=\"6c2418c\" data-element_type=\"widget\" data-settings=\"{&quot;_animation&quot;:&quot;fadeInRight&quot;}\" data-widget_type=\"image.default\">\n\t\t\t\t<div class=\"elementor-widget-container\">\n\t\t\t\t\t\t\t\t\t\t\t\t\t\t\t<img loading=\"lazy\" decoding=\"async\" width=\"480\" height=\"549\" src=\"https:\/\/pomerania.org.pl\/wp-content\/uploads\/2023\/01\/Euroregiony-w-Polsce.jpg\" class=\"attachment-large size-large wp-image-1362\" alt=\"mapa euroregion\u00f3w\" srcset=\"https:\/\/pomerania.org.pl\/wp-content\/uploads\/2023\/01\/Euroregiony-w-Polsce.jpg 480w, https:\/\/pomerania.org.pl\/wp-content\/uploads\/2023\/01\/Euroregiony-w-Polsce-262x300.jpg 262w\" sizes=\"auto, (max-width: 480px) 100vw, 480px\" \/>\t\t\t\t\t\t\t\t\t\t\t\t\t\t\t<\/div>\n\t\t\t\t<\/div>\n\t\t\t\t\t<\/div>\n\t\t<\/div>\n\t\t\t\t\t\t\t<\/div>\n\t\t<\/section>\n\t\t\t\t\t<\/div>\n\t\t<\/div>\n\t\t\t\t\t\t\t<\/div>\n\t\t<\/section>\n\t\t\t\t\t\t\t<\/div>\n\t\t","protected":false},"excerpt":{"rendered":"<p>W 1958 roku na pograniczu holendersko-niemieckim utworzono pierwsze transgraniczne porozumienie. Nadano mu nazw\u0119 ?Euroregio?. Od tego roku notuje si\u0119 histori\u0119 funkcjonowania euroregion\u00f3w wzd\u0142u\u017c wszystkich europejskich granic. Euroregion&nbsp;to wydzielona jednostka na obszarze minimum dw\u00f3ch pa\u0144stw, oparta na formie wsp\u00f3\u0142pracy transgranicznej pomi\u0119dzy&nbsp;regionami&nbsp;pa\u0144stw cz\u0142onkowskich&nbsp;Unii Europejskiej, pa\u0144stw kandyduj\u0105cych lub regionami ich s\u0105siad\u00f3w. W tworzeniu euroregionu uczestnicz\u0105 przedstawiciele lokalnych i [&hellip;]<\/p>\n","protected":false},"author":1,"featured_media":0,"parent":0,"menu_order":0,"comment_status":"closed","ping_status":"closed","template":"","meta":{"footnotes":""},"class_list":["post-475","page","type-page","status-publish","hentry"],"post_mailing_queue_ids":[],"_links":{"self":[{"href":"https:\/\/pomerania.org.pl\/index.php?rest_route=\/wp\/v2\/pages\/475","targetHints":{"allow":["GET"]}}],"collection":[{"href":"https:\/\/pomerania.org.pl\/index.php?rest_route=\/wp\/v2\/pages"}],"about":[{"href":"https:\/\/pomerania.org.pl\/index.php?rest_route=\/wp\/v2\/types\/page"}],"author":[{"embeddable":true,"href":"https:\/\/pomerania.org.pl\/index.php?rest_route=\/wp\/v2\/users\/1"}],"replies":[{"embeddable":true,"href":"https:\/\/pomerania.org.pl\/index.php?rest_route=%2Fwp%2Fv2%2Fcomments&post=475"}],"version-history":[{"count":86,"href":"https:\/\/pomerania.org.pl\/index.php?rest_route=\/wp\/v2\/pages\/475\/revisions"}],"predecessor-version":[{"id":2390,"href":"https:\/\/pomerania.org.pl\/index.php?rest_route=\/wp\/v2\/pages\/475\/revisions\/2390"}],"wp:attachment":[{"href":"https:\/\/pomerania.org.pl\/index.php?rest_route=%2Fwp%2Fv2%2Fmedia&parent=475"}],"curies":[{"name":"wp","href":"https:\/\/api.w.org\/{rel}","templated":true}]}}