{"id":5075,"date":"2024-01-04T07:55:46","date_gmt":"2024-01-04T06:55:46","guid":{"rendered":"https:\/\/pomerania.org.pl\/?page_id=5075"},"modified":"2024-11-05T12:05:03","modified_gmt":"2024-11-05T11:05:03","slug":"rozlicz-projekt","status":"publish","type":"page","link":"https:\/\/pomerania.org.pl\/?page_id=5075","title":{"rendered":"Rozlicz projekt"},"content":{"rendered":"\t\t<div data-elementor-type=\"wp-page\" data-elementor-id=\"5075\" class=\"elementor elementor-5075\">\n\t\t\t\t\t\t\t\t\t<section class=\"elementor-section elementor-top-section elementor-element elementor-element-1725248 elementor-section-boxed elementor-section-height-default elementor-section-height-default\" data-id=\"1725248\" data-element_type=\"section\">\n\t\t\t\t\t\t<div class=\"elementor-container elementor-column-gap-default\">\n\t\t\t\t\t<div class=\"elementor-column elementor-col-100 elementor-top-column elementor-element elementor-element-13ca5923\" data-id=\"13ca5923\" data-element_type=\"column\">\n\t\t\t<div class=\"elementor-widget-wrap elementor-element-populated\">\n\t\t\t\t\t\t\t\t<div class=\"elementor-element elementor-element-7ab45094 elementor-widget elementor-widget-text-editor\" data-id=\"7ab45094\" data-element_type=\"widget\" data-widget_type=\"text-editor.default\">\n\t\t\t\t<div class=\"elementor-widget-container\">\n\t\t\t<style>\/*! elementor - v3.11.2 - 22-02-2023 *\/\n.elementor-widget-text-editor.elementor-drop-cap-view-stacked .elementor-drop-cap{background-color:#818a91;color:#fff}.elementor-widget-text-editor.elementor-drop-cap-view-framed .elementor-drop-cap{color:#818a91;border:3px solid;background-color:transparent}.elementor-widget-text-editor:not(.elementor-drop-cap-view-default) .elementor-drop-cap{margin-top:8px}.elementor-widget-text-editor:not(.elementor-drop-cap-view-default) .elementor-drop-cap-letter{width:1em;height:1em}.elementor-widget-text-editor .elementor-drop-cap{float:left;text-align:center;line-height:1;font-size:50px}.elementor-widget-text-editor .elementor-drop-cap-letter{display:inline-block}<\/style>\t\t\t\t<p><!-- wp:paragraph --><\/p>\n<p>Szanowni Pa\u0144stwo,<\/p>\n<p><!-- \/wp:paragraph --><!-- wp:paragraph --><\/p>\n<p>przekazujemy Pa\u0144stwu <strong>Raport z realizacji projektu FMP Interreg VIA wraz z za\u0142\u0105cznikami<\/strong>. Dokument ten nale\u017cy wype\u0142ni\u0107 w wersji polskiej i niemieckiej, podpisa\u0107 przez osoby upowa\u017cnione, a nast\u0119pnie przes\u0142a\u0107 <b>poczt\u0105 wraz ze wszystkimi za\u0142\u0105cznikami:<\/b><\/p>\n<p><!-- \/wp:paragraph --><!-- wp:list {\"ordered\":true} --><\/p>\n<ol><!-- wp:list-item --><p><\/p>\n<li>Dokumenty potwierdzaj\u0105ce osi\u0105gni\u0119cie rezultat\u00f3w projektu.<\/li>\n<p><!-- \/wp:list-item --><!-- wp:list-item --><\/p>\n<li>Materia\u0142y wytworzone w ramach realizacji projektu.<\/li>\n<p><!-- \/wp:list-item --><!-- wp:list-item --><\/p>\n<li>Dokumenty potwierdzaj\u0105ce dzia\u0142ania informacyjne i promocyjne.<\/li>\n<p><!-- \/wp:list-item --><!-- wp:list-item --><\/p>\n<li>Zestawienie wydatk\u00f3w dotycz\u0105cych po\u015bredniej pomocy publicznej (je\u017celi wyst\u0105pi).<\/li>\n<p><!-- \/wp:list-item --><!-- wp:list-item --><\/p>\n<li>Wniosek o \u015brodki z rezerwy celowej bud\u017cetu pa\u0144stwa (dotyczy polskich NGOs).<\/li>\n<p><!-- \/wp:list-item --><!-- wp:list-item --><\/p>\n<li>Wniosek o \u015brodki pa\u0144stwowe MV lub BB (dotyczy niemieckich NGOs).<\/li>\n<p><!-- \/wp:list-item --><\/p><\/ol>\n<p><!-- \/wp:list --><!-- wp:paragraph --><\/p>\n<p><!-- \/wp:paragraph --><!-- wp:paragraph --><\/p>\n<p>na adres Stowarzyszenia Gmin Polskich Euroregionu Pomerania w terminie podanym w umowie o dofinansowanie.<\/p>\n<p><!-- \/wp:paragraph --><\/p>\t\t\t\t\t\t<\/div>\n\t\t\t\t<\/div>\n\t\t\t\t\t<\/div>\n\t\t<\/div>\n\t\t\t\t\t\t\t<\/div>\n\t\t<\/section>\n\t\t\t\t<section class=\"elementor-section elementor-top-section elementor-element elementor-element-9965e5d elementor-section-boxed elementor-section-height-default elementor-section-height-default\" data-id=\"9965e5d\" data-element_type=\"section\">\n\t\t\t\t\t\t<div class=\"elementor-container elementor-column-gap-default\">\n\t\t\t\t\t<div class=\"elementor-column elementor-col-100 elementor-top-column elementor-element elementor-element-f86c3bf\" data-id=\"f86c3bf\" data-element_type=\"column\">\n\t\t\t<div class=\"elementor-widget-wrap elementor-element-populated\">\n\t\t\t\t\t\t\t\t<section class=\"elementor-section elementor-inner-section elementor-element elementor-element-ebcc2f3 elementor-section-boxed elementor-section-height-default elementor-section-height-default\" data-id=\"ebcc2f3\" data-element_type=\"section\">\n\t\t\t\t\t\t<div class=\"elementor-container elementor-column-gap-default\">\n\t\t\t\t\t<div class=\"elementor-column elementor-col-50 elementor-inner-column elementor-element elementor-element-b2713a3\" data-id=\"b2713a3\" data-element_type=\"column\">\n\t\t\t<div class=\"elementor-widget-wrap elementor-element-populated\">\n\t\t\t\t\t\t\t\t<div class=\"elementor-element elementor-element-70e4525 elementor-view-default elementor-widget elementor-widget-icon\" data-id=\"70e4525\" data-element_type=\"widget\" data-widget_type=\"icon.default\">\n\t\t\t\t<div class=\"elementor-widget-container\">\n\t\t\t\t\t<div class=\"elementor-icon-wrapper\">\n\t\t\t<a class=\"elementor-icon\" href=\"https:\/\/pomerania.org.pl\/wp-content\/uploads\/2024\/01\/Raport-FMP_4.6_KPF_Bericht-20.12.2023-1.docx\">\n\t\t\t<i aria-hidden=\"true\" class=\"fas fa-arrow-circle-down\"><\/i>\t\t\t<\/a>\n\t\t<\/div>\n\t\t\t\t<\/div>\n\t\t\t\t<\/div>\n\t\t\t\t<div class=\"elementor-element elementor-element-a76d66c elementor-widget elementor-widget-button\" data-id=\"a76d66c\" data-element_type=\"widget\" data-widget_type=\"button.default\">\n\t\t\t\t<div class=\"elementor-widget-container\">\n\t\t\t\t\t<div class=\"elementor-button-wrapper\">\n\t\t\t<a href=\"https:\/\/pomerania.org.pl\/wp-content\/uploads\/2024\/01\/Raport-FMP_4.6_KPF_Bericht-20.12.2023-1.docx\" class=\"elementor-button-link elementor-button elementor-size-sm\" role=\"button\">\n\t\t\t\t\t\t<span class=\"elementor-button-content-wrapper\">\n\t\t\t\t\t\t<span class=\"elementor-button-text\">Pobierz plik<\/span>\n\t\t<\/span>\n\t\t\t\t\t<\/a>\n\t\t<\/div>\n\t\t\t\t<\/div>\n\t\t\t\t<\/div>\n\t\t\t\t\t<\/div>\n\t\t<\/div>\n\t\t\t\t<div class=\"elementor-column elementor-col-50 elementor-inner-column elementor-element elementor-element-ab9b6af\" data-id=\"ab9b6af\" data-element_type=\"column\">\n\t\t\t<div class=\"elementor-widget-wrap elementor-element-populated\">\n\t\t\t\t\t\t\t\t<div class=\"elementor-element elementor-element-ef4ea5c elementor-widget elementor-widget-text-editor\" data-id=\"ef4ea5c\" data-element_type=\"widget\" data-widget_type=\"text-editor.default\">\n\t\t\t\t<div class=\"elementor-widget-container\">\n\t\t\t\t\t\t\t<h5>Raport-FMP_4.6_KPF_Bericht-20.12.2023<\/h5>\n<p><span style=\"text-transform: uppercase; color: #6c757d; font-family: 'Open Sans', Arial, Helvetica, sans-serif; font-size: 18px; background-color: #e4ebf6;\">DOCX<\/span><span style=\"color: #6c757d; font-family: 'Open Sans', Arial, Helvetica, sans-serif; font-size: 18px; background-color: #e4ebf6;\"> | 114 <\/span><span style=\"color: #6c757d; font-family: 'Open Sans', Arial, Helvetica, sans-serif; font-size: 18px; background-color: #e4ebf6;\">KB<\/span><span style=\"color: #6c757d; font-family: 'Open Sans', Arial, Helvetica, sans-serif; font-size: 18px; background-color: #e4ebf6;\">\u00a0|\u00a0<\/span><span style=\"color: #6c757d; font-family: 'Open Sans', Arial, Helvetica, sans-serif; font-size: 18px; background-color: #e4ebf6;\">12 stycznia 2024<\/span><\/p>\t\t\t\t\t\t<\/div>\n\t\t\t\t<\/div>\n\t\t\t\t\t<\/div>\n\t\t<\/div>\n\t\t\t\t\t\t\t<\/div>\n\t\t<\/section>\n\t\t\t\t\t<\/div>\n\t\t<\/div>\n\t\t\t\t\t\t\t<\/div>\n\t\t<\/section>\n\t\t\t\t<section class=\"elementor-section elementor-top-section elementor-element elementor-element-c97d362 elementor-section-boxed elementor-section-height-default elementor-section-height-default\" data-id=\"c97d362\" data-element_type=\"section\">\n\t\t\t\t\t\t<div class=\"elementor-container elementor-column-gap-default\">\n\t\t\t\t\t<div class=\"elementor-column elementor-col-100 elementor-top-column elementor-element elementor-element-502705f\" data-id=\"502705f\" data-element_type=\"column\">\n\t\t\t<div class=\"elementor-widget-wrap elementor-element-populated\">\n\t\t\t\t\t\t\t\t<section class=\"elementor-section elementor-inner-section elementor-element elementor-element-a3bc427 elementor-section-boxed elementor-section-height-default elementor-section-height-default\" data-id=\"a3bc427\" data-element_type=\"section\">\n\t\t\t\t\t\t<div class=\"elementor-container elementor-column-gap-default\">\n\t\t\t\t\t<div class=\"elementor-column elementor-col-50 elementor-inner-column elementor-element elementor-element-44d1f16\" data-id=\"44d1f16\" data-element_type=\"column\">\n\t\t\t<div class=\"elementor-widget-wrap elementor-element-populated\">\n\t\t\t\t\t\t\t\t<div class=\"elementor-element elementor-element-34e5a3a elementor-view-default elementor-widget elementor-widget-icon\" data-id=\"34e5a3a\" data-element_type=\"widget\" data-widget_type=\"icon.default\">\n\t\t\t\t<div class=\"elementor-widget-container\">\n\t\t\t\t\t<div class=\"elementor-icon-wrapper\">\n\t\t\t<a class=\"elementor-icon\" href=\"https:\/\/pomerania.org.pl\/wp-content\/uploads\/2024\/01\/Lista_uczestnikow_Teilnehmerliste-1.doc\">\n\t\t\t<i aria-hidden=\"true\" class=\"fas fa-arrow-circle-down\"><\/i>\t\t\t<\/a>\n\t\t<\/div>\n\t\t\t\t<\/div>\n\t\t\t\t<\/div>\n\t\t\t\t<div class=\"elementor-element elementor-element-f8c5c51 elementor-widget elementor-widget-button\" data-id=\"f8c5c51\" data-element_type=\"widget\" data-widget_type=\"button.default\">\n\t\t\t\t<div class=\"elementor-widget-container\">\n\t\t\t\t\t<div class=\"elementor-button-wrapper\">\n\t\t\t<a href=\"https:\/\/pomerania.org.pl\/wp-content\/uploads\/2024\/01\/Lista_uczestnikow_Teilnehmerliste-1.doc\" class=\"elementor-button-link elementor-button elementor-size-sm\" role=\"button\">\n\t\t\t\t\t\t<span class=\"elementor-button-content-wrapper\">\n\t\t\t\t\t\t<span class=\"elementor-button-text\">Pobierz plik<\/span>\n\t\t<\/span>\n\t\t\t\t\t<\/a>\n\t\t<\/div>\n\t\t\t\t<\/div>\n\t\t\t\t<\/div>\n\t\t\t\t\t<\/div>\n\t\t<\/div>\n\t\t\t\t<div class=\"elementor-column elementor-col-50 elementor-inner-column elementor-element elementor-element-a37052d\" data-id=\"a37052d\" data-element_type=\"column\">\n\t\t\t<div class=\"elementor-widget-wrap elementor-element-populated\">\n\t\t\t\t\t\t\t\t<div class=\"elementor-element elementor-element-0424c2b elementor-widget elementor-widget-text-editor\" data-id=\"0424c2b\" data-element_type=\"widget\" data-widget_type=\"text-editor.default\">\n\t\t\t\t<div class=\"elementor-widget-container\">\n\t\t\t\t\t\t\t<h5>Lista_uczestnikow_Teilnehmerliste<\/h5>\n<p><span style=\"text-transform: uppercase; color: #6c757d; font-family: 'Open Sans', Arial, Helvetica, sans-serif; font-size: 18px; background-color: #e4ebf6;\">doc<\/span><span style=\"color: #6c757d; font-family: 'Open Sans', Arial, Helvetica, sans-serif; font-size: 18px; background-color: #e4ebf6;\"> | 73 <\/span><span style=\"color: #6c757d; font-family: 'Open Sans', Arial, Helvetica, sans-serif; font-size: 18px; background-color: #e4ebf6;\">KB<\/span><span style=\"color: #6c757d; font-family: 'Open Sans', Arial, Helvetica, sans-serif; font-size: 18px; background-color: #e4ebf6;\">\u00a0|\u00a0<\/span><span style=\"color: #6c757d; font-family: 'Open Sans', Arial, Helvetica, sans-serif; font-size: 18px; background-color: #e4ebf6;\">12 stycznia 2024<\/span><\/p>\t\t\t\t\t\t<\/div>\n\t\t\t\t<\/div>\n\t\t\t\t\t<\/div>\n\t\t<\/div>\n\t\t\t\t\t\t\t<\/div>\n\t\t<\/section>\n\t\t\t\t\t<\/div>\n\t\t<\/div>\n\t\t\t\t\t\t\t<\/div>\n\t\t<\/section>\n\t\t\t\t<section class=\"elementor-section elementor-top-section elementor-element elementor-element-904ad90 elementor-section-boxed elementor-section-height-default elementor-section-height-default\" data-id=\"904ad90\" data-element_type=\"section\">\n\t\t\t\t\t\t<div class=\"elementor-container elementor-column-gap-default\">\n\t\t\t\t\t<div class=\"elementor-column elementor-col-100 elementor-top-column elementor-element elementor-element-cbef212\" data-id=\"cbef212\" data-element_type=\"column\">\n\t\t\t<div class=\"elementor-widget-wrap elementor-element-populated\">\n\t\t\t\t\t\t\t\t<div class=\"elementor-element elementor-element-e264817 elementor-widget elementor-widget-text-editor\" data-id=\"e264817\" data-element_type=\"widget\" data-widget_type=\"text-editor.default\">\n\t\t\t\t<div class=\"elementor-widget-container\">\n\t\t\t\t\t\t\t<p><!-- wp:paragraph --><\/p>\n<p><span style=\"background-color: var( --e-global-color-c15569b ); color: var( --e-global-color-text ); font-family: var( --e-global-typography-text-font-family ), Sans-serif; font-size: var( --e-global-typography-text-font-size ); font-style: var( --e-global-typography-text-font-style ); font-weight: var( --e-global-typography-text-font-weight ); text-transform: var( --e-global-typography-text-text-transform );\">W przypadku pyta\u0144 zwi\u0105zanych z wype\u0142nianiem raportu z realizacji oraz niezb\u0119dnymi za\u0142\u0105cznikami\u00a0 prosz\u0119 si\u0119 kontaktowa\u0107 z koordynatorem\/ opiekunem projektu.<\/span><\/p>\n<p><!-- \/wp:paragraph --><\/p>\n<p><!-- wp:paragraph --><\/p>\n<p>Organizacje pozarz\u0105dowe ubiegaj\u0105ce si\u0119 o wsparcie ze \u015brodk\u00f3w krajowych wype\u0142niaj\u0105 stosowny za\u0142\u0105cznik przy sk\u0142adaniu raportu:<\/p>\n<p><!-- \/wp:paragraph --><\/p>\n<p><!-- wp:paragraph --><\/p>\n<p><!-- \/wp:paragraph --><\/p>\t\t\t\t\t\t<\/div>\n\t\t\t\t<\/div>\n\t\t\t\t\t<\/div>\n\t\t<\/div>\n\t\t\t\t\t\t\t<\/div>\n\t\t<\/section>\n\t\t\t\t<section class=\"elementor-section elementor-top-section elementor-element elementor-element-d66c64d elementor-section-boxed elementor-section-height-default elementor-section-height-default\" data-id=\"d66c64d\" data-element_type=\"section\">\n\t\t\t\t\t\t<div class=\"elementor-container elementor-column-gap-default\">\n\t\t\t\t\t<div class=\"elementor-column elementor-col-100 elementor-top-column elementor-element elementor-element-9453593\" data-id=\"9453593\" data-element_type=\"column\">\n\t\t\t<div class=\"elementor-widget-wrap elementor-element-populated\">\n\t\t\t\t\t\t\t\t<section class=\"elementor-section elementor-inner-section elementor-element elementor-element-1bbfd8b elementor-section-boxed elementor-section-height-default elementor-section-height-default\" data-id=\"1bbfd8b\" data-element_type=\"section\">\n\t\t\t\t\t\t<div class=\"elementor-container elementor-column-gap-default\">\n\t\t\t\t\t<div class=\"elementor-column elementor-col-50 elementor-inner-column elementor-element elementor-element-5953c9a\" data-id=\"5953c9a\" data-element_type=\"column\">\n\t\t\t<div class=\"elementor-widget-wrap elementor-element-populated\">\n\t\t\t\t\t\t\t\t<div class=\"elementor-element elementor-element-fbaa9d7 elementor-view-default elementor-widget elementor-widget-icon\" data-id=\"fbaa9d7\" data-element_type=\"widget\" data-widget_type=\"icon.default\">\n\t\t\t\t<div class=\"elementor-widget-container\">\n\t\t\t\t\t<div class=\"elementor-icon-wrapper\">\n\t\t\t<a class=\"elementor-icon\" href=\"https:\/\/pomerania.org.pl\/wp-content\/uploads\/2024\/01\/Zalacznik_Anlage_5_Wniosek-o-srodki-z-rezerwy-celowej-budzetu-panstwa-1.docx\">\n\t\t\t<i aria-hidden=\"true\" class=\"fas fa-arrow-circle-down\"><\/i>\t\t\t<\/a>\n\t\t<\/div>\n\t\t\t\t<\/div>\n\t\t\t\t<\/div>\n\t\t\t\t<div class=\"elementor-element elementor-element-6526538 elementor-widget elementor-widget-button\" data-id=\"6526538\" data-element_type=\"widget\" data-widget_type=\"button.default\">\n\t\t\t\t<div class=\"elementor-widget-container\">\n\t\t\t\t\t<div class=\"elementor-button-wrapper\">\n\t\t\t<a href=\"https:\/\/pomerania.org.pl\/wp-content\/uploads\/2024\/01\/Zalacznik_Anlage_5_Wniosek-o-srodki-z-rezerwy-celowej-budzetu-panstwa-1.docx\" class=\"elementor-button-link elementor-button elementor-size-sm\" role=\"button\">\n\t\t\t\t\t\t<span class=\"elementor-button-content-wrapper\">\n\t\t\t\t\t\t<span class=\"elementor-button-text\">Pobierz plik<\/span>\n\t\t<\/span>\n\t\t\t\t\t<\/a>\n\t\t<\/div>\n\t\t\t\t<\/div>\n\t\t\t\t<\/div>\n\t\t\t\t\t<\/div>\n\t\t<\/div>\n\t\t\t\t<div class=\"elementor-column elementor-col-50 elementor-inner-column elementor-element elementor-element-bf71984\" data-id=\"bf71984\" data-element_type=\"column\">\n\t\t\t<div class=\"elementor-widget-wrap elementor-element-populated\">\n\t\t\t\t\t\t\t\t<div class=\"elementor-element elementor-element-cacce82 elementor-widget elementor-widget-text-editor\" data-id=\"cacce82\" data-element_type=\"widget\" data-widget_type=\"text-editor.default\">\n\t\t\t\t<div class=\"elementor-widget-container\">\n\t\t\t\t\t\t\t<h5>Polskie organizacje pozarz\u0105dowe &#8211; Za\u0142\u0105cznik nr 5<\/h5>\n<p><span style=\"text-transform: uppercase; color: #6c757d; font-family: 'Open Sans', Arial, Helvetica, sans-serif; font-size: 18px; background-color: #e4ebf6;\">docx<\/span><span style=\"color: #6c757d; font-family: 'Open Sans', Arial, Helvetica, sans-serif; font-size: 18px; background-color: #e4ebf6;\"> | 96 <\/span><span style=\"color: #6c757d; font-family: 'Open Sans', Arial, Helvetica, sans-serif; font-size: 18px; background-color: #e4ebf6;\">KB<\/span><span style=\"color: #6c757d; font-family: 'Open Sans', Arial, Helvetica, sans-serif; font-size: 18px; background-color: #e4ebf6;\">&nbsp;|&nbsp;<\/span><span style=\"color: #6c757d; font-family: 'Open Sans', Arial, Helvetica, sans-serif; font-size: 18px; background-color: #e4ebf6;\">12 stycznia 2024<\/span><\/p>\t\t\t\t\t\t<\/div>\n\t\t\t\t<\/div>\n\t\t\t\t\t<\/div>\n\t\t<\/div>\n\t\t\t\t\t\t\t<\/div>\n\t\t<\/section>\n\t\t\t\t\t<\/div>\n\t\t<\/div>\n\t\t\t\t\t\t\t<\/div>\n\t\t<\/section>\n\t\t\t\t<section class=\"elementor-section elementor-top-section elementor-element elementor-element-e228270 elementor-section-boxed elementor-section-height-default elementor-section-height-default\" data-id=\"e228270\" data-element_type=\"section\">\n\t\t\t\t\t\t<div class=\"elementor-container elementor-column-gap-default\">\n\t\t\t\t\t<div class=\"elementor-column elementor-col-100 elementor-top-column elementor-element elementor-element-4a4e528\" data-id=\"4a4e528\" data-element_type=\"column\">\n\t\t\t<div class=\"elementor-widget-wrap elementor-element-populated\">\n\t\t\t\t\t\t\t\t<section class=\"elementor-section elementor-inner-section elementor-element elementor-element-f4f592b elementor-section-boxed elementor-section-height-default elementor-section-height-default\" data-id=\"f4f592b\" data-element_type=\"section\">\n\t\t\t\t\t\t<div class=\"elementor-container elementor-column-gap-default\">\n\t\t\t\t\t<div class=\"elementor-column elementor-col-50 elementor-inner-column elementor-element elementor-element-6d9cd5a\" data-id=\"6d9cd5a\" data-element_type=\"column\">\n\t\t\t<div class=\"elementor-widget-wrap elementor-element-populated\">\n\t\t\t\t\t\t\t\t<div class=\"elementor-element elementor-element-fe1ac4c elementor-view-default elementor-widget elementor-widget-icon\" data-id=\"fe1ac4c\" data-element_type=\"widget\" data-widget_type=\"icon.default\">\n\t\t\t\t<div class=\"elementor-widget-container\">\n\t\t\t\t\t<div class=\"elementor-icon-wrapper\">\n\t\t\t<a class=\"elementor-icon\" href=\"https:\/\/pomerania.org.pl\/wp-content\/uploads\/2024\/01\/Zalacznik_Anlage_6_Antrag-auf-Landesmittel-1.docx\">\n\t\t\t<i aria-hidden=\"true\" class=\"fas fa-arrow-circle-down\"><\/i>\t\t\t<\/a>\n\t\t<\/div>\n\t\t\t\t<\/div>\n\t\t\t\t<\/div>\n\t\t\t\t<div class=\"elementor-element elementor-element-91d4c99 elementor-widget elementor-widget-button\" data-id=\"91d4c99\" data-element_type=\"widget\" data-widget_type=\"button.default\">\n\t\t\t\t<div class=\"elementor-widget-container\">\n\t\t\t\t\t<div class=\"elementor-button-wrapper\">\n\t\t\t<a href=\"https:\/\/pomerania.org.pl\/wp-content\/uploads\/2024\/01\/Zalacznik_Anlage_6_Antrag-auf-Landesmittel-1.docx\" class=\"elementor-button-link elementor-button elementor-size-sm\" role=\"button\">\n\t\t\t\t\t\t<span class=\"elementor-button-content-wrapper\">\n\t\t\t\t\t\t<span class=\"elementor-button-text\">Pobierz plik<\/span>\n\t\t<\/span>\n\t\t\t\t\t<\/a>\n\t\t<\/div>\n\t\t\t\t<\/div>\n\t\t\t\t<\/div>\n\t\t\t\t\t<\/div>\n\t\t<\/div>\n\t\t\t\t<div class=\"elementor-column elementor-col-50 elementor-inner-column elementor-element elementor-element-e680154\" data-id=\"e680154\" data-element_type=\"column\">\n\t\t\t<div class=\"elementor-widget-wrap elementor-element-populated\">\n\t\t\t\t\t\t\t\t<div class=\"elementor-element elementor-element-64750a2 elementor-widget elementor-widget-text-editor\" data-id=\"64750a2\" data-element_type=\"widget\" data-widget_type=\"text-editor.default\">\n\t\t\t\t<div class=\"elementor-widget-container\">\n\t\t\t\t\t\t\t<h5 style=\"font-family: Poppins, sans-serif; color: #534f4f;\">Niemieckie organizacje pozarz\u0105dowe &#8211; Za\u0142\u0105cznik nr 6<\/h5>\n<p><span style=\"text-transform: uppercase; color: #6c757d; font-family: 'Open Sans', Arial, Helvetica, sans-serif; font-size: 18px; background-color: #e4ebf6;\">docx<\/span><span style=\"color: #6c757d; font-family: 'Open Sans', Arial, Helvetica, sans-serif; font-size: 18px; background-color: #e4ebf6;\"> | 94 <\/span><span style=\"color: #6c757d; font-family: 'Open Sans', Arial, Helvetica, sans-serif; font-size: 18px; background-color: #e4ebf6;\">KB<\/span><span style=\"color: #6c757d; font-family: 'Open Sans', Arial, Helvetica, sans-serif; font-size: 18px; background-color: #e4ebf6;\">\u00a0|\u00a0<\/span><span style=\"color: #6c757d; font-family: 'Open Sans', Arial, Helvetica, sans-serif; font-size: 18px; background-color: #e4ebf6;\">12 stycznia 2024<\/span><\/p>\t\t\t\t\t\t<\/div>\n\t\t\t\t<\/div>\n\t\t\t\t\t<\/div>\n\t\t<\/div>\n\t\t\t\t\t\t\t<\/div>\n\t\t<\/section>\n\t\t\t\t\t<\/div>\n\t\t<\/div>\n\t\t\t\t\t\t\t<\/div>\n\t\t<\/section>\n\t\t\t\t<section class=\"elementor-section elementor-top-section elementor-element elementor-element-73650b0 elementor-section-boxed elementor-section-height-default elementor-section-height-default\" data-id=\"73650b0\" data-element_type=\"section\">\n\t\t\t\t\t\t<div class=\"elementor-container elementor-column-gap-default\">\n\t\t\t\t\t<div class=\"elementor-column elementor-col-100 elementor-top-column elementor-element elementor-element-95dd4ac\" data-id=\"95dd4ac\" data-element_type=\"column\">\n\t\t\t<div class=\"elementor-widget-wrap elementor-element-populated\">\n\t\t\t\t\t\t\t\t<div class=\"elementor-element elementor-element-a692f21 elementor-widget elementor-widget-text-editor\" data-id=\"a692f21\" data-element_type=\"widget\" data-widget_type=\"text-editor.default\">\n\t\t\t\t<div class=\"elementor-widget-container\">\n\t\t\t\t\t\t\t<!-- wp:paragraph --><!-- \/wp:file --><!-- wp:paragraph -->\n<p>Je\u015bli organizacje pozarz\u0105dowe korzystaj\u0105 z funduszy krajowych w celu pokrycia wk\u0142adu w\u0142asnego, obowi\u0105zkowe jest opublikowanie dodatkowych informacji na temat \u017ar\u00f3d\u0142a wsp\u00f3\u0142finansowania w trakcie dzia\u0142a\u0144 public relations &#8211; zgodnie z punktem 4.6. Wytycznych dla wnioskodawc\u00f3w.<\/p>\n<!-- \/wp:paragraph --><!-- wp:paragraph -->\n<p>Polscy beneficjenci:<\/p>\n<!-- \/wp:paragraph --><!-- wp:paragraph -->\n<p>Projekt dofinansowany ze \u015brodk\u00f3w rezerwy celowej bud\u017cetu pa\u0144stwa.<\/p>\n<!-- \/wp:paragraph --><!-- wp:paragraph -->\n<p>Beneficjenci z Meklemburgii-Pomorza Przedniego:<\/p>\n<!-- \/wp:paragraph --><!-- wp:paragraph -->\n<p>Projekt jest dofinansowany przez kraj zwi\u0105zkowy Meklemburgia-Pomorze Przednie z Funduszu Regionu Metropolitalnego Szczecina.<\/p>\n<!-- \/wp:paragraph --><!-- wp:paragraph -->\n<p>Beneficjenci z Brandenburgii:<\/p>\n<!-- \/wp:paragraph --><!-- wp:paragraph -->\n<p>Projekt jest dofinansowany przez kraj zwi\u0105zkowy Brandenburgia<\/p>\n<!-- \/wp:paragraph --><!-- wp:paragraph -->\n<p>W przypadku jakichkolwiek pyta\u0144 zapraszamy do kontaktu z pracownikami Zespo\u0142u Funduszu Ma\u0142ych Projekt\u00f3w.<\/p>\n<!-- \/wp:paragraph -->\t\t\t\t\t\t<\/div>\n\t\t\t\t<\/div>\n\t\t\t\t\t<\/div>\n\t\t<\/div>\n\t\t\t\t\t\t\t<\/div>\n\t\t<\/section>\n\t\t\t\t\t\t\t<\/div>\n\t\t","protected":false},"excerpt":{"rendered":"<p>Szanowni Pa\u0144stwo, przekazujemy Pa\u0144stwu Raport z realizacji projektu FMP Interreg VIA wraz z za\u0142\u0105cznikami. Dokument ten nale\u017cy wype\u0142ni\u0107 w wersji polskiej i niemieckiej, podpisa\u0107 przez osoby upowa\u017cnione, a nast\u0119pnie przes\u0142a\u0107 poczt\u0105 wraz ze wszystkimi za\u0142\u0105cznikami: na adres Stowarzyszenia Gmin Polskich Euroregionu Pomerania w terminie podanym w umowie o dofinansowanie. Pobierz plik Raport-FMP_4.6_KPF_Bericht-20.12.2023 DOCX | 114 [&hellip;]<\/p>\n","protected":false},"author":1,"featured_media":0,"parent":0,"menu_order":0,"comment_status":"closed","ping_status":"closed","template":"","meta":{"footnotes":""},"class_list":["post-5075","page","type-page","status-publish","hentry"],"post_mailing_queue_ids":[],"_links":{"self":[{"href":"https:\/\/pomerania.org.pl\/index.php?rest_route=\/wp\/v2\/pages\/5075","targetHints":{"allow":["GET"]}}],"collection":[{"href":"https:\/\/pomerania.org.pl\/index.php?rest_route=\/wp\/v2\/pages"}],"about":[{"href":"https:\/\/pomerania.org.pl\/index.php?rest_route=\/wp\/v2\/types\/page"}],"author":[{"embeddable":true,"href":"https:\/\/pomerania.org.pl\/index.php?rest_route=\/wp\/v2\/users\/1"}],"replies":[{"embeddable":true,"href":"https:\/\/pomerania.org.pl\/index.php?rest_route=%2Fwp%2Fv2%2Fcomments&post=5075"}],"version-history":[{"count":32,"href":"https:\/\/pomerania.org.pl\/index.php?rest_route=\/wp\/v2\/pages\/5075\/revisions"}],"predecessor-version":[{"id":6606,"href":"https:\/\/pomerania.org.pl\/index.php?rest_route=\/wp\/v2\/pages\/5075\/revisions\/6606"}],"wp:attachment":[{"href":"https:\/\/pomerania.org.pl\/index.php?rest_route=%2Fwp%2Fv2%2Fmedia&parent=5075"}],"curies":[{"name":"wp","href":"https:\/\/api.w.org\/{rel}","templated":true}]}}