{"id":5287,"date":"2024-02-06T09:46:29","date_gmt":"2024-02-06T08:46:29","guid":{"rendered":"https:\/\/pomerania.org.pl\/?page_id=5287"},"modified":"2025-11-14T11:25:59","modified_gmt":"2025-11-14T10:25:59","slug":"change-k-now","status":"publish","type":"page","link":"https:\/\/pomerania.org.pl\/?page_id=5287","title":{"rendered":"Change(K)now!"},"content":{"rendered":"\t\t<div data-elementor-type=\"wp-page\" data-elementor-id=\"5287\" class=\"elementor elementor-5287\">\n\t\t\t\t\t\t\t\t\t<section class=\"elementor-section elementor-top-section elementor-element elementor-element-ad84fd1 elementor-section-boxed elementor-section-height-default elementor-section-height-default\" data-id=\"ad84fd1\" data-element_type=\"section\">\n\t\t\t\t\t\t<div class=\"elementor-container elementor-column-gap-default\">\n\t\t\t\t\t<div class=\"elementor-column elementor-col-100 elementor-top-column elementor-element elementor-element-e0f41f0\" data-id=\"e0f41f0\" data-element_type=\"column\">\n\t\t\t<div class=\"elementor-widget-wrap elementor-element-populated\">\n\t\t\t\t\t\t\t\t<div class=\"elementor-element elementor-element-314c2cf elementor-grid-3 elementor-grid-tablet-2 elementor-grid-mobile-1 elementor-posts--thumbnail-top elementor-posts--show-avatar elementor-card-shadow-yes elementor-posts__hover-gradient elementor-widget elementor-widget-posts\" data-id=\"314c2cf\" data-element_type=\"widget\" data-settings=\"{&quot;cards_columns&quot;:&quot;3&quot;,&quot;cards_columns_tablet&quot;:&quot;2&quot;,&quot;cards_columns_mobile&quot;:&quot;1&quot;,&quot;cards_row_gap&quot;:{&quot;unit&quot;:&quot;px&quot;,&quot;size&quot;:35,&quot;sizes&quot;:[]},&quot;cards_row_gap_tablet&quot;:{&quot;unit&quot;:&quot;px&quot;,&quot;size&quot;:&quot;&quot;,&quot;sizes&quot;:[]},&quot;cards_row_gap_mobile&quot;:{&quot;unit&quot;:&quot;px&quot;,&quot;size&quot;:&quot;&quot;,&quot;sizes&quot;:[]}}\" sie=\"\" data-widget_type=\"posts.cards\">\n\t\t\t\t<div class=\"elementor-widget-container\">\n\t\t\t<link rel=\"stylesheet\" href=\"https:\/\/pomerania.org.pl\/wp-content\/plugins\/elementor-pro\/assets\/css\/widget-posts.min.css\">\t\t<div class=\"elementor-posts-container elementor-posts elementor-posts--skin-cards elementor-grid\">\n\t\t\t\t<article class=\"elementor-post elementor-grid-item post-8595 post type-post status-publish format-standard has-post-thumbnail hentry category-ibn\">\n\t\t\t<div class=\"elementor-post__card\">\n\t\t\t\t<a class=\"elementor-post__thumbnail__link\" href=\"https:\/\/pomerania.org.pl\/?p=8595&#038;lang=de\" ><div class=\"elementor-post__thumbnail\"><img loading=\"lazy\" decoding=\"async\" width=\"300\" height=\"200\" src=\"https:\/\/pomerania.org.pl\/wp-content\/uploads\/2026\/04\/szkolenie_23_04_2026_81-300x200.jpg\" class=\"attachment-medium size-medium wp-image-8606\" alt=\"\" srcset=\"https:\/\/pomerania.org.pl\/wp-content\/uploads\/2026\/04\/szkolenie_23_04_2026_81-300x200.jpg 300w, https:\/\/pomerania.org.pl\/wp-content\/uploads\/2026\/04\/szkolenie_23_04_2026_81-768x513.jpg 768w, https:\/\/pomerania.org.pl\/wp-content\/uploads\/2026\/04\/szkolenie_23_04_2026_81-1536x1025.jpg 1536w, https:\/\/pomerania.org.pl\/wp-content\/uploads\/2026\/04\/szkolenie_23_04_2026_81-2048x1367.jpg 2048w\" sizes=\"auto, (max-width: 300px) 100vw, 300px\" \/><\/div><\/a>\n\t\t\t\t<div class=\"elementor-post__badge\">IBN<\/div>\n\t\t\t\t<div class=\"elementor-post__avatar\">\n\t\t\t\t\t<\/div>\n\t\t\t\t<div class=\"elementor-post__text\">\n\t\t\t\t<h3 class=\"elementor-post__title\">\n\t\t\t<a href=\"https:\/\/pomerania.org.pl\/?p=8595&amp;lang=de\" >\n\t\t\t\tK\u00fcnstliche Intelligenz in der Praxis\t\t\t<\/a>\n\t\t<\/h3>\n\t\t\t\t<div class=\"elementor-post__excerpt\">\n\t\t\t<p>Am 23. April 2026 fand im Marschallamt in Stettin, im Delfin-Saal, eine Fortbildung mit dem Titel \u201eK\u00fcnstliche Intelligenz in der Praxis \u2013 wie man effizienter<\/p>\n\t\t<\/div>\n\t\t\n\t\t<a class=\"elementor-post__read-more\" href=\"https:\/\/pomerania.org.pl\/?p=8595&#038;lang=de\" aria-label=\"Read more about K\u00fcnstliche Intelligenz in der Praxis\" >\n\t\t\tCzytaj wi\u0119cej \u00bb\t\t<\/a>\n\n\t\t\t\t<\/div>\n\t\t\t\t<div class=\"elementor-post__meta-data\">\n\t\t\t\t\t<span class=\"elementor-post-date\">\n\t\t\t24-04-2026\t\t<\/span>\n\t\t\t\t<span class=\"elementor-post-avatar\">\n\t\t\tBrak komentarzy\t\t<\/span>\n\t\t\t\t<\/div>\n\t\t\t\t\t<\/div>\n\t\t<\/article>\n\t\t\t\t<article class=\"elementor-post elementor-grid-item post-8515 post type-post status-publish format-standard has-post-thumbnail hentry category-ibn\">\n\t\t\t<div class=\"elementor-post__card\">\n\t\t\t\t<a class=\"elementor-post__thumbnail__link\" href=\"https:\/\/pomerania.org.pl\/?p=8515&#038;lang=de\" ><div class=\"elementor-post__thumbnail\"><img loading=\"lazy\" decoding=\"async\" width=\"300\" height=\"169\" src=\"https:\/\/pomerania.org.pl\/wp-content\/uploads\/2026\/04\/III-KE-de-300x169.png\" class=\"attachment-medium size-medium wp-image-8519\" alt=\"\" srcset=\"https:\/\/pomerania.org.pl\/wp-content\/uploads\/2026\/04\/III-KE-de-300x169.png 300w, https:\/\/pomerania.org.pl\/wp-content\/uploads\/2026\/04\/III-KE-de-768x432.png 768w, https:\/\/pomerania.org.pl\/wp-content\/uploads\/2026\/04\/III-KE-de-1536x864.png 1536w, https:\/\/pomerania.org.pl\/wp-content\/uploads\/2026\/04\/III-KE-de.png 1920w\" sizes=\"auto, (max-width: 300px) 100vw, 300px\" \/><\/div><\/a>\n\t\t\t\t<div class=\"elementor-post__badge\">IBN<\/div>\n\t\t\t\t<div class=\"elementor-post__avatar\">\n\t\t\t\t\t<\/div>\n\t\t\t\t<div class=\"elementor-post__text\">\n\t\t\t\t<h3 class=\"elementor-post__title\">\n\t\t\t<a href=\"https:\/\/pomerania.org.pl\/?p=8515&amp;lang=de\" >\n\t\t\t\tEinladung zur 3. Grenz\u00fcberschreitenden Bildungskonferenz\t\t\t<\/a>\n\t\t<\/h3>\n\t\t\t\t<div class=\"elementor-post__excerpt\">\n\t\t\t<p>Sehr geehrte Damen und Herren, wir laden Sie herzlich zur 3. Grenz\u00fcberschreitenden Bildungskonferenz ein, die am 20.05.2026 von 10:00 bis 15:00 Uhr im Rathaus der<\/p>\n\t\t<\/div>\n\t\t\n\t\t<a class=\"elementor-post__read-more\" href=\"https:\/\/pomerania.org.pl\/?p=8515&#038;lang=de\" aria-label=\"Read more about Einladung zur 3. Grenz\u00fcberschreitenden Bildungskonferenz\" >\n\t\t\tCzytaj wi\u0119cej \u00bb\t\t<\/a>\n\n\t\t\t\t<\/div>\n\t\t\t\t<div class=\"elementor-post__meta-data\">\n\t\t\t\t\t<span class=\"elementor-post-date\">\n\t\t\t17-04-2026\t\t<\/span>\n\t\t\t\t<span class=\"elementor-post-avatar\">\n\t\t\tBrak komentarzy\t\t<\/span>\n\t\t\t\t<\/div>\n\t\t\t\t\t<\/div>\n\t\t<\/article>\n\t\t\t\t<article class=\"elementor-post elementor-grid-item post-8450 post type-post status-publish format-standard has-post-thumbnail hentry category-change-know\">\n\t\t\t<div class=\"elementor-post__card\">\n\t\t\t\t<a class=\"elementor-post__thumbnail__link\" href=\"https:\/\/pomerania.org.pl\/?p=8450\" ><div class=\"elementor-post__thumbnail\"><img loading=\"lazy\" decoding=\"async\" width=\"300\" height=\"169\" src=\"https:\/\/pomerania.org.pl\/wp-content\/uploads\/2026\/03\/gate21-300x169.png\" class=\"attachment-medium size-medium wp-image-8452\" alt=\"\" srcset=\"https:\/\/pomerania.org.pl\/wp-content\/uploads\/2026\/03\/gate21-300x169.png 300w, https:\/\/pomerania.org.pl\/wp-content\/uploads\/2026\/03\/gate21-768x432.png 768w, https:\/\/pomerania.org.pl\/wp-content\/uploads\/2026\/03\/gate21-1536x864.png 1536w, https:\/\/pomerania.org.pl\/wp-content\/uploads\/2026\/03\/gate21.png 1920w\" sizes=\"auto, (max-width: 300px) 100vw, 300px\" \/><\/div><\/a>\n\t\t\t\t<div class=\"elementor-post__badge\">Change (K)now!<\/div>\n\t\t\t\t<div class=\"elementor-post__avatar\">\n\t\t\t\t\t<\/div>\n\t\t\t\t<div class=\"elementor-post__text\">\n\t\t\t\t<h3 class=\"elementor-post__title\">\n\t\t\t<a href=\"https:\/\/pomerania.org.pl\/?p=8450\" >\n\t\t\t\tZapraszamy na cykl webinar\u00f3w Change(K)now!\t\t\t<\/a>\n\t\t<\/h3>\n\t\t\t\t<div class=\"elementor-post__excerpt\">\n\t\t\t<p>Jak skutecznie wdra\u017ca\u0107 systemy wielorazowych opakowa\u0144 w r\u00f3\u017cnych kontekstach? Systemy reuse nie wdra\u017caj\u0105 si\u0119 same. Wymagaj\u0105 wsp\u00f3\u0142pracy, odwagi decyzyjnej, testowania rozwi\u0105za\u0144 w praktyce i uczenia<\/p>\n\t\t<\/div>\n\t\t\n\t\t<a class=\"elementor-post__read-more\" href=\"https:\/\/pomerania.org.pl\/?p=8450\" aria-label=\"Read more about Zapraszamy na cykl webinar\u00f3w Change(K)now!\" >\n\t\t\tCzytaj wi\u0119cej \u00bb\t\t<\/a>\n\n\t\t\t\t<\/div>\n\t\t\t\t<div class=\"elementor-post__meta-data\">\n\t\t\t\t\t<span class=\"elementor-post-date\">\n\t\t\t04-03-2026\t\t<\/span>\n\t\t\t\t<span class=\"elementor-post-avatar\">\n\t\t\tBrak komentarzy\t\t<\/span>\n\t\t\t\t<\/div>\n\t\t\t\t\t<\/div>\n\t\t<\/article>\n\t\t\t\t<\/div>\n\t\t\n\t\t\t\t<\/div>\n\t\t\t\t<\/div>\n\t\t\t\t<div class=\"elementor-element elementor-element-8e4075c elementor-align-right elementor-widget elementor-widget-button\" data-id=\"8e4075c\" data-element_type=\"widget\" data-widget_type=\"button.default\">\n\t\t\t\t<div class=\"elementor-widget-container\">\n\t\t\t\t\t<div class=\"elementor-button-wrapper\">\n\t\t\t<a href=\"https:\/\/pomerania.org.pl\/?page_id=8004\" class=\"elementor-button-link elementor-button elementor-size-sm\" role=\"button\">\n\t\t\t\t\t\t<span class=\"elementor-button-content-wrapper\">\n\t\t\t\t\t\t<span class=\"elementor-button-text\">Wszystkie aktualno\u015bci Change(K)now!<\/span>\n\t\t<\/span>\n\t\t\t\t\t<\/a>\n\t\t<\/div>\n\t\t\t\t<\/div>\n\t\t\t\t<\/div>\n\t\t\t\t<div class=\"elementor-element elementor-element-cad481a elementor-widget elementor-widget-image\" data-id=\"cad481a\" data-element_type=\"widget\" data-widget_type=\"image.default\">\n\t\t\t\t<div class=\"elementor-widget-container\">\n\t\t\t<style>\/*! elementor - v3.11.2 - 22-02-2023 *\/\n.elementor-widget-image{text-align:center}.elementor-widget-image a{display:inline-block}.elementor-widget-image a img[src$=\".svg\"]{width:48px}.elementor-widget-image img{vertical-align:middle;display:inline-block}<\/style>\t\t\t\t\t\t\t\t\t\t\t\t<img decoding=\"async\" src=\"https:\/\/pomerania.org.pl\/wp-content\/uploads\/elementor\/thumbs\/ChangeKnow_Logo_Standard-medium-qgsoosbul5zebblvntkvg3qwyot7krnxx5hzujvyzs.png\" title=\"Change(K)now!_Logo_Standard-medium\" alt=\"Change(K)now!_Logo_Standard-medium\" loading=\"lazy\" \/>\t\t\t\t\t\t\t\t\t\t\t\t\t\t\t<\/div>\n\t\t\t\t<\/div>\n\t\t\t\t<div class=\"elementor-element elementor-element-fb2796e elementor-widget elementor-widget-text-editor\" data-id=\"fb2796e\" data-element_type=\"widget\" kategoria=\"Sie\u0107 Informacyjno-Doradcza\" data-widget_type=\"text-editor.default\">\n\t\t\t\t<div class=\"elementor-widget-container\">\n\t\t\t<style>\/*! elementor - v3.11.2 - 22-02-2023 *\/\n.elementor-widget-text-editor.elementor-drop-cap-view-stacked .elementor-drop-cap{background-color:#818a91;color:#fff}.elementor-widget-text-editor.elementor-drop-cap-view-framed .elementor-drop-cap{color:#818a91;border:3px solid;background-color:transparent}.elementor-widget-text-editor:not(.elementor-drop-cap-view-default) .elementor-drop-cap{margin-top:8px}.elementor-widget-text-editor:not(.elementor-drop-cap-view-default) .elementor-drop-cap-letter{width:1em;height:1em}.elementor-widget-text-editor .elementor-drop-cap{float:left;text-align:center;line-height:1;font-size:50px}.elementor-widget-text-editor .elementor-drop-cap-letter{display:inline-block}<\/style>\t\t\t\t<p><strong>Projekt \u201eChange(K)now!\u201d<\/strong> ma na celu zmian\u0119 sposobu postrzegania systemu dostaw \u017cywno\u015bci i przej\u015bcie z jednorazowego u\u017cytku na system obiegu zamkni\u0119tego lub wielokrotnego u\u017cytku.<\/p><p>Projekt pomaga gminom zredukowa\u0107 ilo\u015b\u0107 jednorazowych opakowa\u0144 na \u017cywno\u015b\u0107 w systemach dostaw \u017cywno\u015bci i cateringu (zielone wydarzenia, targi \u017cywno\u015bci, gastronomia na wynos, dostawa \u017cywno\u015bci i catering instytucjonalny) oraz budowa\u0107 akceptacj\u0119 spo\u0142eczn\u0105 w\u015br\u00f3d firm i ludzi dla cyrkularnego wykorzystania opakowa\u0144 na \u017cywno\u015b\u0107.<\/p><p>Podmioty te mog\u0105 przyczyni\u0107 si\u0119 do zwi\u0119kszenia obiegu zamkni\u0119tego w miejskich systemach dostaw \u017cywno\u015bci poprzez przyj\u0119cie zr\u00f3wnowa\u017conych rozwi\u0105za\u0144 oraz zmian\u0119 rutynowych zachowa\u0144. G\u0142\u00f3wne wyzwania projektowe polegaj\u0105 na tym, \u017ce istniej\u0105ce rozwi\u0105zania s\u0105 rozproszone, ich zastosowanie nie jest szerzej testowane i nie s\u0105 wystarczaj\u0105co szeroko rozpowszechnione, aby uzyska\u0107 akceptacj\u0119 przedsi\u0119biorstw i konsument\u00f3w. Change(K)now! chce pokona\u0107 t\u0119 barier\u0119 poprzez:<\/p><p>a) prototypowanie rozwi\u0105za\u0144,<\/p><p>b) testowanie w kontek\u015bcie przypadk\u00f3w pilota\u017cowych,<\/p><p>c) wprowadzanie innowacji do istniej\u0105cych rozwi\u0105za\u0144 w zakresie dostaw \u017cywno\u015bci.<\/p><p>W ten spos\u00f3b s\u0105 one \u0142atwiejsze do przyj\u0119cia na czterech poziomach:<\/p><p>1) komunalnego zarz\u0105dzania strategicznego,<\/p><p>2) cateringu instytucjonalnego w podmiotach publicznych,<\/p><p>3) cateringu podczas wydarze\u0144 publicznych<\/p><p>4) w dzia\u0142aniach przedsi\u0119biorczych na lokalnych rynkach \u017cywno\u015bci i gastronomii w przestrzeni publicznej.<\/p><p>Stowarzyszenie Gmin Polskich Euroregionu Pomerania (SGPEP) jako partner zrzeszaj\u0105cy gminy i powiaty, b\u0119dzie dzia\u0142a\u0107 pomagaj\u0105c w opracowaniu strategicznego podej\u015bcia dla gmin, kt\u00f3re s\u0105 cz\u0142onkami naszego stowarzyszenia.<\/p><p>Dostarczymy dane o stanie wiedzy na temat obiegu zamkni\u0119tego w systemie dostarczania \u017cywno\u015bci w naszych gminach. Ponadto SGPEP\u00a0 b\u0119dzie uczestniczy\u0107 w przekazywaniu rozwi\u0105za\u0144 poprzez opracowanie strategii transferu i rozpowszechnieniu wynik\u00f3w pilota\u017cowych. Chcemy w kolejnych etapach projektu tak\u017ce powiela\u0107 rozwi\u0105zania ukazuj\u0105c best practice obiegu zamkni\u0119tego w dostarczaniu \u017cywno\u015bci. Za po\u015brednictwem swoich sieci, b\u0119dziemy tak\u017ce prowadzi\u0107 kampani\u0119 komunikacyjn\u0105 w gminach, podnosz\u0105c wiedz\u0119 i kompetencje podmiot\u00f3w publicznych i interesariuszy biznesowych systemu dostaw \u017cywno\u015bci poprzez organizowanie wydarze\u0144 dla zainteresowanych gmin.<\/p><p>Projekt Change(K)now jest wsp\u00f3\u0142finansowany z Unii Europejskiej w ramach Programu Interreg Region Morza Ba\u0142tyckiego.<\/p><p>\u00a0<\/p><p>Wi\u0119cej o projekcie:\u00a0<a href=\"https:\/\/interreg-baltic.eu\/project\/change-know\/\">https:\/\/interreg-baltic.eu\/project\/change-know\/<\/a><\/p><p><img loading=\"lazy\" decoding=\"async\" class=\"alignnone wp-image-5003\" src=\"https:\/\/pomerania.org.pl\/wp-content\/uploads\/2023\/12\/ChangeKnow_Logo_Standard-medium.png\" alt=\"\" width=\"282\" height=\"120\" srcset=\"https:\/\/pomerania.org.pl\/wp-content\/uploads\/2023\/12\/ChangeKnow_Logo_Standard-medium.png 1220w, https:\/\/pomerania.org.pl\/wp-content\/uploads\/2023\/12\/ChangeKnow_Logo_Standard-medium-300x127.png 300w, https:\/\/pomerania.org.pl\/wp-content\/uploads\/2023\/12\/ChangeKnow_Logo_Standard-medium-768x325.png 768w\" sizes=\"auto, (max-width: 282px) 100vw, 282px\" \/><\/p><p>The Change(K)now! project aims to change mindsets from single-use to circular or multiple-use in food delivery systems.<\/p><p>The project helps municipalities reduce single-use food packaging in food supply and catering systems (green events, food markets, take-away gastronomy, food delivery &amp; public catering), and build social acceptance among companies and people for circular reuse of food packaging.<\/p><p>These players can drive the circularity of urban food delivery systems by adopting sustainable solutions and changing routines &amp; behaviors. The problem is that such options are dispersed, their applicability is not tested beyond a particular case, and are not tailored nor mainstreamed widely enough to create acceptance by businesses and consumers. Change(K)now! will overcome this barrier by: <br \/>a) prototyping solutions, <br \/>b) testing in pilot cases context, and <br \/>c) innovating existing circular solutions for food delivery.<\/p><p>In this way, they are easier to adopt at four levels: <br \/>1) municipal strategic management, <br \/>2) institutional catering at public entities, <br \/>3) catering at public events, and <br \/>4) in entrepreneurial activities in local food markets and gastronomy in public spaces.<\/p><p>The Association of Polish Municipalities in the Pomerania Euroregion, as a partner, who associates municipalities and counties, will work to\u00a0 develop a strategic approach for municipalities, that are members of our association.<\/p><p>\u00a0We will provide data on the state of knowledge of closed-loop food delivery systems in our municipalities. In addition, we \u00a0will participate in transferring solutions by developing transfer strategies and disseminating pilot results. We also want to replicate solutions in the next phases of the project by demonstrating the best practice of closed loop in food delivery. Through our networks, we will also conduct a communication campaign in the municipalities, raising the knowledge and competence of public actors and business stakeholders in the food supply system by organizing events for interested municipalities.<\/p><p>The Change (K)now! project is co-financed by the European Union under the Baltic Sea Region Interreg Programme.<\/p><p>\u00a0<\/p><p>More about the project:\u00a0<a href=\"https:\/\/interreg-baltic.eu\/project\/change-know\/\">https:\/\/interreg-baltic.eu\/project\/change-know\/<\/a><\/p><p><img loading=\"lazy\" decoding=\"async\" class=\"alignnone wp-image-5003\" src=\"https:\/\/pomerania.org.pl\/wp-content\/uploads\/2023\/12\/ChangeKnow_Logo_Standard-medium.png\" alt=\"\" width=\"282\" height=\"120\" srcset=\"https:\/\/pomerania.org.pl\/wp-content\/uploads\/2023\/12\/ChangeKnow_Logo_Standard-medium.png 1220w, https:\/\/pomerania.org.pl\/wp-content\/uploads\/2023\/12\/ChangeKnow_Logo_Standard-medium-300x127.png 300w, https:\/\/pomerania.org.pl\/wp-content\/uploads\/2023\/12\/ChangeKnow_Logo_Standard-medium-768x325.png 768w\" sizes=\"auto, (max-width: 282px) 100vw, 282px\" \/><\/p>\t\t\t\t\t\t<\/div>\n\t\t\t\t<\/div>\n\t\t\t\t\t<\/div>\n\t\t<\/div>\n\t\t\t\t\t\t\t<\/div>\n\t\t<\/section>\n\t\t\t\t\t\t\t<\/div>\n\t\t","protected":false},"excerpt":{"rendered":"<p>Wszystkie aktualno\u015bci Change(K)now! Projekt \u201eChange(K)now!\u201d ma na celu zmian\u0119 sposobu postrzegania systemu dostaw \u017cywno\u015bci i przej\u015bcie z jednorazowego u\u017cytku na system obiegu zamkni\u0119tego lub wielokrotnego u\u017cytku. Projekt pomaga gminom zredukowa\u0107 ilo\u015b\u0107 jednorazowych opakowa\u0144 na \u017cywno\u015b\u0107 w systemach dostaw \u017cywno\u015bci i cateringu (zielone wydarzenia, targi \u017cywno\u015bci, gastronomia na wynos, dostawa \u017cywno\u015bci i catering instytucjonalny) oraz budowa\u0107 [&hellip;]<\/p>\n","protected":false},"author":1,"featured_media":0,"parent":0,"menu_order":0,"comment_status":"closed","ping_status":"closed","template":"","meta":{"footnotes":""},"class_list":["post-5287","page","type-page","status-publish","hentry"],"post_mailing_queue_ids":[],"_links":{"self":[{"href":"https:\/\/pomerania.org.pl\/index.php?rest_route=\/wp\/v2\/pages\/5287","targetHints":{"allow":["GET"]}}],"collection":[{"href":"https:\/\/pomerania.org.pl\/index.php?rest_route=\/wp\/v2\/pages"}],"about":[{"href":"https:\/\/pomerania.org.pl\/index.php?rest_route=\/wp\/v2\/types\/page"}],"author":[{"embeddable":true,"href":"https:\/\/pomerania.org.pl\/index.php?rest_route=\/wp\/v2\/users\/1"}],"replies":[{"embeddable":true,"href":"https:\/\/pomerania.org.pl\/index.php?rest_route=%2Fwp%2Fv2%2Fcomments&post=5287"}],"version-history":[{"count":66,"href":"https:\/\/pomerania.org.pl\/index.php?rest_route=\/wp\/v2\/pages\/5287\/revisions"}],"predecessor-version":[{"id":8010,"href":"https:\/\/pomerania.org.pl\/index.php?rest_route=\/wp\/v2\/pages\/5287\/revisions\/8010"}],"wp:attachment":[{"href":"https:\/\/pomerania.org.pl\/index.php?rest_route=%2Fwp%2Fv2%2Fmedia&parent=5287"}],"curies":[{"name":"wp","href":"https:\/\/api.w.org\/{rel}","templated":true}]}}