{"id":8004,"date":"2025-11-14T11:20:58","date_gmt":"2025-11-14T10:20:58","guid":{"rendered":"https:\/\/pomerania.org.pl\/?page_id=8004"},"modified":"2025-11-14T11:57:08","modified_gmt":"2025-11-14T10:57:08","slug":"wszystkie-aktualnosci-change-know","status":"publish","type":"page","link":"https:\/\/pomerania.org.pl\/?page_id=8004","title":{"rendered":"Wszystkie aktualno\u015bci Change (K)now!"},"content":{"rendered":"\t\t<div data-elementor-type=\"wp-page\" data-elementor-id=\"8004\" class=\"elementor elementor-8004\">\n\t\t\t\t\t\t\t\t\t<section class=\"elementor-section elementor-top-section elementor-element elementor-element-55fe8be elementor-section-boxed elementor-section-height-default elementor-section-height-default\" data-id=\"55fe8be\" data-element_type=\"section\">\n\t\t\t\t\t\t<div class=\"elementor-container elementor-column-gap-default\">\n\t\t\t\t\t<div class=\"elementor-column elementor-col-100 elementor-top-column elementor-element elementor-element-d9b13e5\" data-id=\"d9b13e5\" data-element_type=\"column\">\n\t\t\t<div class=\"elementor-widget-wrap elementor-element-populated\">\n\t\t\t\t\t\t\t\t<div class=\"elementor-element elementor-element-3bdeea7 elementor-grid-3 elementor-grid-tablet-2 elementor-grid-mobile-1 elementor-posts--thumbnail-top elementor-widget elementor-widget-posts\" data-id=\"3bdeea7\" data-element_type=\"widget\" data-settings=\"{&quot;classic_columns&quot;:&quot;3&quot;,&quot;classic_columns_tablet&quot;:&quot;2&quot;,&quot;classic_columns_mobile&quot;:&quot;1&quot;,&quot;classic_row_gap&quot;:{&quot;unit&quot;:&quot;px&quot;,&quot;size&quot;:35,&quot;sizes&quot;:[]},&quot;classic_row_gap_tablet&quot;:{&quot;unit&quot;:&quot;px&quot;,&quot;size&quot;:&quot;&quot;,&quot;sizes&quot;:[]},&quot;classic_row_gap_mobile&quot;:{&quot;unit&quot;:&quot;px&quot;,&quot;size&quot;:&quot;&quot;,&quot;sizes&quot;:[]}}\" kategoria=\"Change (K)now!\" data-widget_type=\"posts.classic\">\n\t\t\t\t<div class=\"elementor-widget-container\">\n\t\t\t<link rel=\"stylesheet\" href=\"https:\/\/pomerania.org.pl\/wp-content\/plugins\/elementor-pro\/assets\/css\/widget-posts.min.css\">\t\t<div class=\"elementor-posts-container elementor-posts elementor-posts--skin-classic elementor-grid\">\n\t\t\t\t<article class=\"elementor-post elementor-grid-item post-8450 post type-post status-publish format-standard has-post-thumbnail hentry category-change-know\">\n\t\t\t\t<a class=\"elementor-post__thumbnail__link\" href=\"https:\/\/pomerania.org.pl\/?p=8450\" >\n\t\t\t<div class=\"elementor-post__thumbnail\"><img loading=\"lazy\" decoding=\"async\" width=\"300\" height=\"169\" src=\"https:\/\/pomerania.org.pl\/wp-content\/uploads\/2026\/03\/gate21-300x169.png\" class=\"attachment-medium size-medium wp-image-8452\" alt=\"\" srcset=\"https:\/\/pomerania.org.pl\/wp-content\/uploads\/2026\/03\/gate21-300x169.png 300w, https:\/\/pomerania.org.pl\/wp-content\/uploads\/2026\/03\/gate21-768x432.png 768w, https:\/\/pomerania.org.pl\/wp-content\/uploads\/2026\/03\/gate21-1536x864.png 1536w, https:\/\/pomerania.org.pl\/wp-content\/uploads\/2026\/03\/gate21.png 1920w\" sizes=\"auto, (max-width: 300px) 100vw, 300px\" \/><\/div>\n\t\t<\/a>\n\t\t\t\t<div class=\"elementor-post__text\">\n\t\t\t\t<h3 class=\"elementor-post__title\">\n\t\t\t<a href=\"https:\/\/pomerania.org.pl\/?p=8450\" >\n\t\t\t\tZapraszamy na cykl webinar\u00f3w Change(K)now!\t\t\t<\/a>\n\t\t<\/h3>\n\t\t\t\t<div class=\"elementor-post__meta-data\">\n\t\t\t\t\t<span class=\"elementor-post-date\">\n\t\t\t04-03-2026\t\t<\/span>\n\t\t\t\t<span class=\"elementor-post-avatar\">\n\t\t\tBrak komentarzy\t\t<\/span>\n\t\t\t\t<\/div>\n\t\t\t\t<div class=\"elementor-post__excerpt\">\n\t\t\t<p>Jak skutecznie wdra\u017ca\u0107 systemy wielorazowych opakowa\u0144 w r\u00f3\u017cnych kontekstach? Systemy reuse nie wdra\u017caj\u0105 si\u0119 same. Wymagaj\u0105 wsp\u00f3\u0142pracy, odwagi decyzyjnej, testowania rozwi\u0105za\u0144 w praktyce i uczenia<\/p>\n\t\t<\/div>\n\t\t\n\t\t<a class=\"elementor-post__read-more\" href=\"https:\/\/pomerania.org.pl\/?p=8450\" aria-label=\"Read more about Zapraszamy na cykl webinar\u00f3w Change(K)now!\" >\n\t\t\tCzytaj wi\u0119cej \u00bb\t\t<\/a>\n\n\t\t\t\t<\/div>\n\t\t\t\t<\/article>\n\t\t\t\t<article class=\"elementor-post elementor-grid-item post-8333 post type-post status-publish format-standard has-post-thumbnail hentry category-change-know\">\n\t\t\t\t<a class=\"elementor-post__thumbnail__link\" href=\"https:\/\/pomerania.org.pl\/?p=8333\" >\n\t\t\t<div class=\"elementor-post__thumbnail\"><img loading=\"lazy\" decoding=\"async\" width=\"300\" height=\"127\" src=\"https:\/\/pomerania.org.pl\/wp-content\/uploads\/2025\/10\/ChangeKnow_Logo_Standard-small-300x127.png\" class=\"attachment-medium size-medium wp-image-7975\" alt=\"\" srcset=\"https:\/\/pomerania.org.pl\/wp-content\/uploads\/2025\/10\/ChangeKnow_Logo_Standard-small-300x127.png 300w, https:\/\/pomerania.org.pl\/wp-content\/uploads\/2025\/10\/ChangeKnow_Logo_Standard-small.png 610w\" sizes=\"auto, (max-width: 300px) 100vw, 300px\" \/><\/div>\n\t\t<\/a>\n\t\t\t\t<div class=\"elementor-post__text\">\n\t\t\t\t<h3 class=\"elementor-post__title\">\n\t\t\t<a href=\"https:\/\/pomerania.org.pl\/?p=8333\" >\n\t\t\t\tPublikujemy wytyczne dotycz\u0105ce organizacji zielonych wydarze\u0144 i pracy biura\t\t\t<\/a>\n\t\t<\/h3>\n\t\t\t\t<div class=\"elementor-post__meta-data\">\n\t\t\t\t\t<span class=\"elementor-post-date\">\n\t\t\t29-01-2026\t\t<\/span>\n\t\t\t\t<span class=\"elementor-post-avatar\">\n\t\t\tBrak komentarzy\t\t<\/span>\n\t\t\t\t<\/div>\n\t\t\t\t<div class=\"elementor-post__excerpt\">\n\t\t\t<p>W ramach realizacji projektu Interreg BSR Change(K)now!&nbsp;Stowarzyszenie Gmin Polskich Euroregionu Pomerania opracowa\u0142o kompleksowe wytyczne dotycz\u0105ce organizowania zielonych wydarze\u0144 publicznych oraz stosowania rozwi\u0105za\u0144 gospodarki obiegu zamkni\u0119tego<\/p>\n\t\t<\/div>\n\t\t\n\t\t<a class=\"elementor-post__read-more\" href=\"https:\/\/pomerania.org.pl\/?p=8333\" aria-label=\"Read more about Publikujemy wytyczne dotycz\u0105ce organizacji zielonych wydarze\u0144 i pracy biura\" >\n\t\t\tCzytaj wi\u0119cej \u00bb\t\t<\/a>\n\n\t\t\t\t<\/div>\n\t\t\t\t<\/article>\n\t\t\t\t<article class=\"elementor-post elementor-grid-item post-8337 post type-post status-publish format-standard has-post-thumbnail hentry category-change-know\">\n\t\t\t\t<a class=\"elementor-post__thumbnail__link\" href=\"https:\/\/pomerania.org.pl\/?p=8337\" >\n\t\t\t<div class=\"elementor-post__thumbnail\"><img loading=\"lazy\" decoding=\"async\" width=\"300\" height=\"225\" src=\"https:\/\/pomerania.org.pl\/wp-content\/uploads\/2026\/01\/IMG-20260128-WA0002-300x225.jpg\" class=\"attachment-medium size-medium wp-image-8338\" alt=\"\" srcset=\"https:\/\/pomerania.org.pl\/wp-content\/uploads\/2026\/01\/IMG-20260128-WA0002-300x225.jpg 300w, https:\/\/pomerania.org.pl\/wp-content\/uploads\/2026\/01\/IMG-20260128-WA0002-768x576.jpg 768w, https:\/\/pomerania.org.pl\/wp-content\/uploads\/2026\/01\/IMG-20260128-WA0002-1536x1152.jpg 1536w, https:\/\/pomerania.org.pl\/wp-content\/uploads\/2026\/01\/IMG-20260128-WA0002.jpg 1600w\" sizes=\"auto, (max-width: 300px) 100vw, 300px\" \/><\/div>\n\t\t<\/a>\n\t\t\t\t<div class=\"elementor-post__text\">\n\t\t\t\t<h3 class=\"elementor-post__title\">\n\t\t\t<a href=\"https:\/\/pomerania.org.pl\/?p=8337\" >\n\t\t\t\tSpotkanie usieciowuj\u0105ce projekt\u00f3w Interreg \u2013 wymiana do\u015bwiadcze\u0144 i rozmowy o wdra\u017caniu zielonych rozwi\u0105za\u0144\t\t\t<\/a>\n\t\t<\/h3>\n\t\t\t\t<div class=\"elementor-post__meta-data\">\n\t\t\t\t\t<span class=\"elementor-post-date\">\n\t\t\t28-01-2026\t\t<\/span>\n\t\t\t\t<span class=\"elementor-post-avatar\">\n\t\t\tBrak komentarzy\t\t<\/span>\n\t\t\t\t<\/div>\n\t\t\t\t<div class=\"elementor-post__excerpt\">\n\t\t\t<p>W ramach dzia\u0142a\u0144 projektowych odby\u0142o si\u0119 spotkanie usieciowuj\u0105ce projekt\u00f3w Interreg MV\/BB\/PL Sie\u0107 Informacyjno-doradcza, Interreg MV\/BB\/PL POLSMA&nbsp;oraz Interreg Baltic Sea Region Change(K)now!. Celem spotkania by\u0142a wymiana<\/p>\n\t\t<\/div>\n\t\t\n\t\t<a class=\"elementor-post__read-more\" href=\"https:\/\/pomerania.org.pl\/?p=8337\" aria-label=\"Read more about Spotkanie usieciowuj\u0105ce projekt\u00f3w Interreg \u2013 wymiana do\u015bwiadcze\u0144 i rozmowy o wdra\u017caniu zielonych rozwi\u0105za\u0144\" >\n\t\t\tCzytaj wi\u0119cej \u00bb\t\t<\/a>\n\n\t\t\t\t<\/div>\n\t\t\t\t<\/article>\n\t\t\t\t<article class=\"elementor-post elementor-grid-item post-8166 post type-post status-publish format-standard has-post-thumbnail hentry category-change-know\">\n\t\t\t\t<a class=\"elementor-post__thumbnail__link\" href=\"https:\/\/pomerania.org.pl\/?p=8166\" >\n\t\t\t<div class=\"elementor-post__thumbnail\"><img loading=\"lazy\" decoding=\"async\" width=\"300\" height=\"127\" src=\"https:\/\/pomerania.org.pl\/wp-content\/uploads\/2025\/10\/ChangeKnow_Logo_Standard-small-300x127.png\" class=\"attachment-medium size-medium wp-image-7975\" alt=\"\" srcset=\"https:\/\/pomerania.org.pl\/wp-content\/uploads\/2025\/10\/ChangeKnow_Logo_Standard-small-300x127.png 300w, https:\/\/pomerania.org.pl\/wp-content\/uploads\/2025\/10\/ChangeKnow_Logo_Standard-small.png 610w\" sizes=\"auto, (max-width: 300px) 100vw, 300px\" \/><\/div>\n\t\t<\/a>\n\t\t\t\t<div class=\"elementor-post__text\">\n\t\t\t\t<h3 class=\"elementor-post__title\">\n\t\t\t<a href=\"https:\/\/pomerania.org.pl\/?p=8166\" >\n\t\t\t\tPublikacja dokumentu w ramach projektu BSR Change(K)now!\t\t\t<\/a>\n\t\t<\/h3>\n\t\t\t\t<div class=\"elementor-post__meta-data\">\n\t\t\t\t\t<span class=\"elementor-post-date\">\n\t\t\t16-12-2025\t\t<\/span>\n\t\t\t\t<span class=\"elementor-post-avatar\">\n\t\t\tBrak komentarzy\t\t<\/span>\n\t\t\t\t<\/div>\n\t\t\t\t<div class=\"elementor-post__excerpt\">\n\t\t\t<p>Z przyjemno\u015bci\u0105 informujemy, \u017ce w ramach projektu BSR Change(K)now!&nbsp;udost\u0119pnili\u015bmy nowy dokument podsumowuj\u0105cy wyniki fazy pilota\u017cowej i przedstawiaj\u0105cy innowacyjne rozwi\u0105zania wielokrotnego u\u017cytku dla organizacji wydarze\u0144 w<\/p>\n\t\t<\/div>\n\t\t\n\t\t<a class=\"elementor-post__read-more\" href=\"https:\/\/pomerania.org.pl\/?p=8166\" aria-label=\"Read more about Publikacja dokumentu w ramach projektu BSR Change(K)now!\" >\n\t\t\tCzytaj wi\u0119cej \u00bb\t\t<\/a>\n\n\t\t\t\t<\/div>\n\t\t\t\t<\/article>\n\t\t\t\t<article class=\"elementor-post elementor-grid-item post-7970 post type-post status-publish format-standard has-post-thumbnail hentry category-change-know\">\n\t\t\t\t<a class=\"elementor-post__thumbnail__link\" href=\"https:\/\/pomerania.org.pl\/?p=7970\" >\n\t\t\t<div class=\"elementor-post__thumbnail\"><img loading=\"lazy\" decoding=\"async\" width=\"300\" height=\"169\" src=\"https:\/\/pomerania.org.pl\/wp-content\/uploads\/2025\/11\/21.11-changeknow-300x169.png\" class=\"attachment-medium size-medium wp-image-7982\" alt=\"\" srcset=\"https:\/\/pomerania.org.pl\/wp-content\/uploads\/2025\/11\/21.11-changeknow-300x169.png 300w, https:\/\/pomerania.org.pl\/wp-content\/uploads\/2025\/11\/21.11-changeknow-768x432.png 768w, https:\/\/pomerania.org.pl\/wp-content\/uploads\/2025\/11\/21.11-changeknow-1536x864.png 1536w, https:\/\/pomerania.org.pl\/wp-content\/uploads\/2025\/11\/21.11-changeknow-2048x1152.png 2048w\" sizes=\"auto, (max-width: 300px) 100vw, 300px\" \/><\/div>\n\t\t<\/a>\n\t\t\t\t<div class=\"elementor-post__text\">\n\t\t\t\t<h3 class=\"elementor-post__title\">\n\t\t\t<a href=\"https:\/\/pomerania.org.pl\/?p=7970\" >\n\t\t\t\tZaproszenie na szkolenie online \u201eChange(K)now! \u2013 gospodarka obiegu zamkni\u0119tego dla samorz\u0105d\u00f3w\u201d\t\t\t<\/a>\n\t\t<\/h3>\n\t\t\t\t<div class=\"elementor-post__meta-data\">\n\t\t\t\t\t<span class=\"elementor-post-date\">\n\t\t\t05-11-2025\t\t<\/span>\n\t\t\t\t<span class=\"elementor-post-avatar\">\n\t\t\tBrak komentarzy\t\t<\/span>\n\t\t\t\t<\/div>\n\t\t\t\t<div class=\"elementor-post__excerpt\">\n\t\t\t<p>Szanowni Pa\u0144stwo,&nbsp; serdecznie zapraszamy przedstawicieli gmin i powiat\u00f3w \u2013 w szczeg\u00f3lno\u015bci osoby zajmuj\u0105ce si\u0119 ochron\u0105 \u015brodowiska, strategi\u0105 rozwoju oraz wdra\u017caniem zasad gospodarki o obiegu zamkni\u0119tym<\/p>\n\t\t<\/div>\n\t\t\n\t\t<a class=\"elementor-post__read-more\" href=\"https:\/\/pomerania.org.pl\/?p=7970\" aria-label=\"Read more about Zaproszenie na szkolenie online \u201eChange(K)now! \u2013 gospodarka obiegu zamkni\u0119tego dla samorz\u0105d\u00f3w\u201d\" >\n\t\t\tCzytaj wi\u0119cej \u00bb\t\t<\/a>\n\n\t\t\t\t<\/div>\n\t\t\t\t<\/article>\n\t\t\t\t<article class=\"elementor-post elementor-grid-item post-7983 post type-post status-publish format-standard has-post-thumbnail hentry category-change-know\">\n\t\t\t\t<a class=\"elementor-post__thumbnail__link\" href=\"https:\/\/pomerania.org.pl\/?p=7983\" >\n\t\t\t<div class=\"elementor-post__thumbnail\"><img loading=\"lazy\" decoding=\"async\" width=\"300\" height=\"169\" src=\"https:\/\/pomerania.org.pl\/wp-content\/uploads\/2025\/11\/change-plakat-300x169.png\" class=\"attachment-medium size-medium wp-image-7987\" alt=\"\" srcset=\"https:\/\/pomerania.org.pl\/wp-content\/uploads\/2025\/11\/change-plakat-300x169.png 300w, https:\/\/pomerania.org.pl\/wp-content\/uploads\/2025\/11\/change-plakat-768x432.png 768w, https:\/\/pomerania.org.pl\/wp-content\/uploads\/2025\/11\/change-plakat-1536x864.png 1536w, https:\/\/pomerania.org.pl\/wp-content\/uploads\/2025\/11\/change-plakat.png 1920w\" sizes=\"auto, (max-width: 300px) 100vw, 300px\" \/><\/div>\n\t\t<\/a>\n\t\t\t\t<div class=\"elementor-post__text\">\n\t\t\t\t<h3 class=\"elementor-post__title\">\n\t\t\t<a href=\"https:\/\/pomerania.org.pl\/?p=7983\" >\n\t\t\t\tNowy dokument projektu Change(K)now! \u2013 katalog rozwi\u0105za\u0144 dla system\u00f3w wielokrotnego u\u017cytku w dostawie \u017cywno\u015bci w regionie Morza Ba\u0142tyckiego\t\t\t<\/a>\n\t\t<\/h3>\n\t\t\t\t<div class=\"elementor-post__meta-data\">\n\t\t\t\t\t<span class=\"elementor-post-date\">\n\t\t\t14-10-2025\t\t<\/span>\n\t\t\t\t<span class=\"elementor-post-avatar\">\n\t\t\tBrak komentarzy\t\t<\/span>\n\t\t\t\t<\/div>\n\t\t\t\t<div class=\"elementor-post__excerpt\">\n\t\t\t<p>W ramach projektu Change(K)now!&nbsp;opracowano dokument \u201eKatalog rozwi\u0105za\u0144 dopasowanych do potrzeb dla system\u00f3w dostawy \u017cywno\u015bci w gospodarce o obiegu zamkni\u0119tym w regionie Morza Ba\u0142tyckiego\u201d. Dokument przedstawia<\/p>\n\t\t<\/div>\n\t\t\n\t\t<a class=\"elementor-post__read-more\" href=\"https:\/\/pomerania.org.pl\/?p=7983\" aria-label=\"Read more about Nowy dokument projektu Change(K)now! \u2013 katalog rozwi\u0105za\u0144 dla system\u00f3w wielokrotnego u\u017cytku w dostawie \u017cywno\u015bci w regionie Morza Ba\u0142tyckiego\" >\n\t\t\tCzytaj wi\u0119cej \u00bb\t\t<\/a>\n\n\t\t\t\t<\/div>\n\t\t\t\t<\/article>\n\t\t\t\t<article class=\"elementor-post elementor-grid-item post-7754 post type-post status-publish format-standard has-post-thumbnail hentry category-change-know\">\n\t\t\t\t<a class=\"elementor-post__thumbnail__link\" href=\"https:\/\/pomerania.org.pl\/?p=7754\" >\n\t\t\t<div class=\"elementor-post__thumbnail\"><img loading=\"lazy\" decoding=\"async\" width=\"300\" height=\"225\" src=\"https:\/\/pomerania.org.pl\/wp-content\/uploads\/2025\/09\/IMG-20250929-WA0028-300x225.jpg\" class=\"attachment-medium size-medium wp-image-7761\" alt=\"\" srcset=\"https:\/\/pomerania.org.pl\/wp-content\/uploads\/2025\/09\/IMG-20250929-WA0028-300x225.jpg 300w, https:\/\/pomerania.org.pl\/wp-content\/uploads\/2025\/09\/IMG-20250929-WA0028-768x576.jpg 768w, https:\/\/pomerania.org.pl\/wp-content\/uploads\/2025\/09\/IMG-20250929-WA0028-1536x1152.jpg 1536w, https:\/\/pomerania.org.pl\/wp-content\/uploads\/2025\/09\/IMG-20250929-WA0028.jpg 2048w\" sizes=\"auto, (max-width: 300px) 100vw, 300px\" \/><\/div>\n\t\t<\/a>\n\t\t\t\t<div class=\"elementor-post__text\">\n\t\t\t\t<h3 class=\"elementor-post__title\">\n\t\t\t<a href=\"https:\/\/pomerania.org.pl\/?p=7754\" >\n\t\t\t\tMi\u0119dzynarodowe spotkanie partner\u00f3w projektu Change(K)now! w Szczecinie 24-26 wrze\u015bnia 2025 r.\t\t\t<\/a>\n\t\t<\/h3>\n\t\t\t\t<div class=\"elementor-post__meta-data\">\n\t\t\t\t\t<span class=\"elementor-post-date\">\n\t\t\t29-09-2025\t\t<\/span>\n\t\t\t\t<span class=\"elementor-post-avatar\">\n\t\t\tBrak komentarzy\t\t<\/span>\n\t\t\t\t<\/div>\n\t\t\t\t<div class=\"elementor-post__excerpt\">\n\t\t\t<p>W dniach 24\u201326 wrze\u015bnia 2025 r.&nbsp;w Sali Sesyjnej Rady Miasta Szczecin&nbsp;odby\u0142o si\u0119 spotkanie partner\u00f3w mi\u0119dzynarodowego projektu Change(K)now!. W wydarzeniu uczestniczyli przedstawiciele instytucji i organizacji partnerskich<\/p>\n\t\t<\/div>\n\t\t\n\t\t<a class=\"elementor-post__read-more\" href=\"https:\/\/pomerania.org.pl\/?p=7754\" aria-label=\"Read more about Mi\u0119dzynarodowe spotkanie partner\u00f3w projektu Change(K)now! w Szczecinie 24-26 wrze\u015bnia 2025 r.\" >\n\t\t\tCzytaj wi\u0119cej \u00bb\t\t<\/a>\n\n\t\t\t\t<\/div>\n\t\t\t\t<\/article>\n\t\t\t\t<article class=\"elementor-post elementor-grid-item post-7149 post type-post status-publish format-standard has-post-thumbnail hentry category-change-know\">\n\t\t\t\t<a class=\"elementor-post__thumbnail__link\" href=\"https:\/\/pomerania.org.pl\/?p=7149\" >\n\t\t\t<div class=\"elementor-post__thumbnail\"><img loading=\"lazy\" decoding=\"async\" width=\"300\" height=\"208\" src=\"https:\/\/pomerania.org.pl\/wp-content\/uploads\/2025\/03\/IMG-20250328-WA0009-1-300x208.jpg\" class=\"attachment-medium size-medium wp-image-7153\" alt=\"\" srcset=\"https:\/\/pomerania.org.pl\/wp-content\/uploads\/2025\/03\/IMG-20250328-WA0009-1-300x208.jpg 300w, https:\/\/pomerania.org.pl\/wp-content\/uploads\/2025\/03\/IMG-20250328-WA0009-1-768x533.jpg 768w, https:\/\/pomerania.org.pl\/wp-content\/uploads\/2025\/03\/IMG-20250328-WA0009-1.jpg 1200w\" sizes=\"auto, (max-width: 300px) 100vw, 300px\" \/><\/div>\n\t\t<\/a>\n\t\t\t\t<div class=\"elementor-post__text\">\n\t\t\t\t<h3 class=\"elementor-post__title\">\n\t\t\t<a href=\"https:\/\/pomerania.org.pl\/?p=7149\" >\n\t\t\t\tCzy przysz\u0142o\u015b\u0107 bez jednoraz\u00f3wek jest mo\u017cliwa? My ju\u017c to sprawdzamy!\t\t\t<\/a>\n\t\t<\/h3>\n\t\t\t\t<div class=\"elementor-post__meta-data\">\n\t\t\t\t\t<span class=\"elementor-post-date\">\n\t\t\t28-03-2025\t\t<\/span>\n\t\t\t\t<span class=\"elementor-post-avatar\">\n\t\t\tBrak komentarzy\t\t<\/span>\n\t\t\t\t<\/div>\n\t\t\t\t<div class=\"elementor-post__excerpt\">\n\t\t\t<p>W dniach 24-26 marca 2025 w fi\u0144skim Lahti odby\u0142o si\u0119 spotkanie partner\u00f3w projektu Interreg Baltic Sea Region &#8222;Change(K)now!&#8221;. Celem by\u0142o przygotowanie strategii eliminacji jednorazowych opakowa\u0144<\/p>\n\t\t<\/div>\n\t\t\n\t\t<a class=\"elementor-post__read-more\" href=\"https:\/\/pomerania.org.pl\/?p=7149\" aria-label=\"Read more about Czy przysz\u0142o\u015b\u0107 bez jednoraz\u00f3wek jest mo\u017cliwa? My ju\u017c to sprawdzamy!\" >\n\t\t\tCzytaj wi\u0119cej \u00bb\t\t<\/a>\n\n\t\t\t\t<\/div>\n\t\t\t\t<\/article>\n\t\t\t\t<article class=\"elementor-post elementor-grid-item post-6437 post type-post status-publish format-standard has-post-thumbnail hentry category-change-know\">\n\t\t\t\t<a class=\"elementor-post__thumbnail__link\" href=\"https:\/\/pomerania.org.pl\/?p=6437\" >\n\t\t\t<div class=\"elementor-post__thumbnail\"><img loading=\"lazy\" decoding=\"async\" width=\"225\" height=\"300\" src=\"https:\/\/pomerania.org.pl\/wp-content\/uploads\/2024\/10\/IMG-20241008-WA0007-225x300.jpg\" class=\"attachment-medium size-medium wp-image-6442\" alt=\"\" srcset=\"https:\/\/pomerania.org.pl\/wp-content\/uploads\/2024\/10\/IMG-20241008-WA0007-225x300.jpg 225w, https:\/\/pomerania.org.pl\/wp-content\/uploads\/2024\/10\/IMG-20241008-WA0007-768x1024.jpg 768w, https:\/\/pomerania.org.pl\/wp-content\/uploads\/2024\/10\/IMG-20241008-WA0007-1152x1536.jpg 1152w, https:\/\/pomerania.org.pl\/wp-content\/uploads\/2024\/10\/IMG-20241008-WA0007.jpg 1200w\" sizes=\"auto, (max-width: 225px) 100vw, 225px\" \/><\/div>\n\t\t<\/a>\n\t\t\t\t<div class=\"elementor-post__text\">\n\t\t\t\t<h3 class=\"elementor-post__title\">\n\t\t\t<a href=\"https:\/\/pomerania.org.pl\/?p=6437\" >\n\t\t\t\tSpotkanie partner\u00f3w projektu w Wilnie\t\t\t<\/a>\n\t\t<\/h3>\n\t\t\t\t<div class=\"elementor-post__meta-data\">\n\t\t\t\t\t<span class=\"elementor-post-date\">\n\t\t\t08-10-2024\t\t<\/span>\n\t\t\t\t<span class=\"elementor-post-avatar\">\n\t\t\tBrak komentarzy\t\t<\/span>\n\t\t\t\t<\/div>\n\t\t\t\t<div class=\"elementor-post__excerpt\">\n\t\t\t<p>W dniach 11-13.09.2024 Patrycja Jeziorowska i Monika Zienkiewicz bra\u0142y udzia\u0142 z ramienia SGPEP w spotkaniu partner\u00f3w projektu \u201eChange (K)now\u201d finansowanego z Interreg Baltic Sea Region.<\/p>\n\t\t<\/div>\n\t\t\n\t\t<a class=\"elementor-post__read-more\" href=\"https:\/\/pomerania.org.pl\/?p=6437\" aria-label=\"Read more about Spotkanie partner\u00f3w projektu w Wilnie\" >\n\t\t\tCzytaj wi\u0119cej \u00bb\t\t<\/a>\n\n\t\t\t\t<\/div>\n\t\t\t\t<\/article>\n\t\t\t\t<article class=\"elementor-post elementor-grid-item post-5294 post type-post status-publish format-standard has-post-thumbnail hentry category-change-know\">\n\t\t\t\t<a class=\"elementor-post__thumbnail__link\" href=\"https:\/\/pomerania.org.pl\/?p=5294\" >\n\t\t\t<div class=\"elementor-post__thumbnail\"><img loading=\"lazy\" decoding=\"async\" width=\"225\" height=\"300\" src=\"https:\/\/pomerania.org.pl\/wp-content\/uploads\/2024\/02\/1707208979053-225x300.jpg\" class=\"attachment-medium size-medium wp-image-5349\" alt=\"\" srcset=\"https:\/\/pomerania.org.pl\/wp-content\/uploads\/2024\/02\/1707208979053-225x300.jpg 225w, https:\/\/pomerania.org.pl\/wp-content\/uploads\/2024\/02\/1707208979053-768x1024.jpg 768w, https:\/\/pomerania.org.pl\/wp-content\/uploads\/2024\/02\/1707208979053-1152x1536.jpg 1152w, https:\/\/pomerania.org.pl\/wp-content\/uploads\/2024\/02\/1707208979053.jpg 1200w\" sizes=\"auto, (max-width: 225px) 100vw, 225px\" \/><\/div>\n\t\t<\/a>\n\t\t\t\t<div class=\"elementor-post__text\">\n\t\t\t\t<h3 class=\"elementor-post__title\">\n\t\t\t<a href=\"https:\/\/pomerania.org.pl\/?p=5294\" >\n\t\t\t\tRyga 24.01-26.01.2024 spotkanie partner\u00f3w projektu Change(K)now! Ryga assembly meeting 24.01.2024- 26.01.2024\t\t\t<\/a>\n\t\t<\/h3>\n\t\t\t\t<div class=\"elementor-post__meta-data\">\n\t\t\t\t\t<span class=\"elementor-post-date\">\n\t\t\t06-02-2024\t\t<\/span>\n\t\t\t\t<span class=\"elementor-post-avatar\">\n\t\t\tBrak komentarzy\t\t<\/span>\n\t\t\t\t<\/div>\n\t\t\t\t<div class=\"elementor-post__excerpt\">\n\t\t\t<p>Dzi\u0119ki go\u015bcinno\u015bci partner\u00f3w \u0142otewskich projektu \u2013 Aja van der Steina i Laura Fisere, reprezentantki SGPEP, Patrycja Jeziorowska i Monika Zienkiewicz bra\u0142y udzia\u0142 w spotkaniu partner\u00f3w<\/p>\n\t\t<\/div>\n\t\t\n\t\t<a class=\"elementor-post__read-more\" href=\"https:\/\/pomerania.org.pl\/?p=5294\" aria-label=\"Read more about Ryga 24.01-26.01.2024 spotkanie partner\u00f3w projektu Change(K)now! Ryga assembly meeting 24.01.2024- 26.01.2024\" >\n\t\t\tCzytaj wi\u0119cej \u00bb\t\t<\/a>\n\n\t\t\t\t<\/div>\n\t\t\t\t<\/article>\n\t\t\t\t<\/div>\n\t\t\n\t\t\t\t<\/div>\n\t\t\t\t<\/div>\n\t\t\t\t\t<\/div>\n\t\t<\/div>\n\t\t\t\t\t\t\t<\/div>\n\t\t<\/section>\n\t\t\t\t\t\t\t<\/div>\n\t\t","protected":false},"excerpt":{"rendered":"","protected":false},"author":1,"featured_media":0,"parent":0,"menu_order":0,"comment_status":"closed","ping_status":"closed","template":"","meta":{"footnotes":""},"class_list":["post-8004","page","type-page","status-publish","hentry"],"post_mailing_queue_ids":[],"_links":{"self":[{"href":"https:\/\/pomerania.org.pl\/index.php?rest_route=\/wp\/v2\/pages\/8004","targetHints":{"allow":["GET"]}}],"collection":[{"href":"https:\/\/pomerania.org.pl\/index.php?rest_route=\/wp\/v2\/pages"}],"about":[{"href":"https:\/\/pomerania.org.pl\/index.php?rest_route=\/wp\/v2\/types\/page"}],"author":[{"embeddable":true,"href":"https:\/\/pomerania.org.pl\/index.php?rest_route=\/wp\/v2\/users\/1"}],"replies":[{"embeddable":true,"href":"https:\/\/pomerania.org.pl\/index.php?rest_route=%2Fwp%2Fv2%2Fcomments&post=8004"}],"version-history":[{"count":27,"href":"https:\/\/pomerania.org.pl\/index.php?rest_route=\/wp\/v2\/pages\/8004\/revisions"}],"predecessor-version":[{"id":8036,"href":"https:\/\/pomerania.org.pl\/index.php?rest_route=\/wp\/v2\/pages\/8004\/revisions\/8036"}],"wp:attachment":[{"href":"https:\/\/pomerania.org.pl\/index.php?rest_route=%2Fwp%2Fv2%2Fmedia&parent=8004"}],"curies":[{"name":"wp","href":"https:\/\/api.w.org\/{rel}","templated":true}]}}