{"id":8278,"date":"2026-01-16T10:33:52","date_gmt":"2026-01-16T09:33:52","guid":{"rendered":"https:\/\/pomerania.org.pl\/?page_id=8278"},"modified":"2026-01-16T10:33:53","modified_gmt":"2026-01-16T09:33:53","slug":"zasady-promowania-projektow-pnwm","status":"publish","type":"page","link":"https:\/\/pomerania.org.pl\/?page_id=8278","title":{"rendered":"Zasady promowania projekt\u00f3w PNWM"},"content":{"rendered":"\n<p>Szanowni Pa\u0144stwo,<\/p>\n\n\n\n<p>prosimy o zapoznanie si\u0119 z zasadami promowania projekt\u00f3w PNWM.<\/p>\n\n\n\n<div data-wp-interactive=\"core\/file\" class=\"wp-block-file\"><object data-wp-bind--hidden=\"!state.hasPdfPreview\" hidden class=\"wp-block-file__embed\" data=\"https:\/\/pomerania.org.pl\/wp-content\/uploads\/2026\/01\/Ogolne-zasady-promocji-projektow-dotowanych-przez-PNWM.pdf\" type=\"application\/pdf\" style=\"width:100%;height:600px\" aria-label=\"Osadzone z Og\u00f3lne zasady promocji projekt\u00f3w dotowanych przez PNWM.\"><\/object><a id=\"wp-block-file--media-3ee56235-5d64-4ea2-b386-75dce47105ee\" href=\"https:\/\/pomerania.org.pl\/wp-content\/uploads\/2026\/01\/Ogolne-zasady-promocji-projektow-dotowanych-przez-PNWM.pdf\">Og\u00f3lne zasady promocji projekt\u00f3w dotowanych przez PNWM<\/a><a href=\"https:\/\/pomerania.org.pl\/wp-content\/uploads\/2026\/01\/Ogolne-zasady-promocji-projektow-dotowanych-przez-PNWM.pdf\" class=\"wp-block-file__button wp-element-button\" download aria-describedby=\"wp-block-file--media-3ee56235-5d64-4ea2-b386-75dce47105ee\">Pobierz<\/a><\/div>\n","protected":false},"excerpt":{"rendered":"<p>Szanowni Pa\u0144stwo, prosimy o zapoznanie si\u0119 z zasadami promowania projekt\u00f3w PNWM.<\/p>\n","protected":false},"author":1,"featured_media":0,"parent":0,"menu_order":0,"comment_status":"closed","ping_status":"closed","template":"","meta":{"footnotes":""},"class_list":["post-8278","page","type-page","status-publish","hentry"],"post_mailing_queue_ids":[],"_links":{"self":[{"href":"https:\/\/pomerania.org.pl\/index.php?rest_route=\/wp\/v2\/pages\/8278","targetHints":{"allow":["GET"]}}],"collection":[{"href":"https:\/\/pomerania.org.pl\/index.php?rest_route=\/wp\/v2\/pages"}],"about":[{"href":"https:\/\/pomerania.org.pl\/index.php?rest_route=\/wp\/v2\/types\/page"}],"author":[{"embeddable":true,"href":"https:\/\/pomerania.org.pl\/index.php?rest_route=\/wp\/v2\/users\/1"}],"replies":[{"embeddable":true,"href":"https:\/\/pomerania.org.pl\/index.php?rest_route=%2Fwp%2Fv2%2Fcomments&post=8278"}],"version-history":[{"count":1,"href":"https:\/\/pomerania.org.pl\/index.php?rest_route=\/wp\/v2\/pages\/8278\/revisions"}],"predecessor-version":[{"id":8282,"href":"https:\/\/pomerania.org.pl\/index.php?rest_route=\/wp\/v2\/pages\/8278\/revisions\/8282"}],"wp:attachment":[{"href":"https:\/\/pomerania.org.pl\/index.php?rest_route=%2Fwp%2Fv2%2Fmedia&parent=8278"}],"curies":[{"name":"wp","href":"https:\/\/api.w.org\/{rel}","templated":true}]}}